{"id":1015,"date":"2025-10-28T11:15:47","date_gmt":"2025-10-28T10:15:47","guid":{"rendered":"https:\/\/shop.francois-baranger.com\/?page_id=1015"},"modified":"2025-11-25T10:32:19","modified_gmt":"2025-11-25T09:32:19","slug":"affiches","status":"publish","type":"page","link":"https:\/\/francois-baranger.com\/en\/affiches\/","title":{"rendered":"Posters"},"content":{"rendered":"<h1 class=\"wp-block-heading\">Posters<\/h1>\n\n\n\n<p>The <a href=\"https:\/\/frenchpaperartclub.com\/collections\/the-art-of-francois-baranger?shpxid=7af88a09-988d-43d8-a5c7-9e8ebb4edf6d\" data-type=\"link\" data-id=\"https:\/\/frenchpaperartclub.com\/collections\/the-art-of-francois-baranger?shpxid=7af88a09-988d-43d8-a5c7-9e8ebb4edf6d\" target=\"_blank\" rel=\"noopener\">French Paper Art Club<\/a> proposes limited edition, numbered and signed art prints of my illustrations for sale.<br>These are high-quality prints, using pigment \"gicl\u00e9e\" printing on 250g\/m2 Fine Art paper.<\/p>\n\n\n\n<figure class=\"wp-block-image aligncenter size-large is-resized is-style-default\"><a href=\"https:\/\/frenchpaperartclub.com\/collections\/the-art-of-francois-baranger?shpxid=7af88a09-988d-43d8-a5c7-9e8ebb4edf6d\" target=\"_blank\" rel=\"noopener\"><img decoding=\"async\" width=\"1024\" height=\"857\" src=\"https:\/\/shop.francois-baranger.com\/wp-content\/uploads\/2025\/10\/page-french-paper-1024x857.jpg\" alt=\"\" class=\"wp-image-1040\" style=\"width:570px;height:auto\" srcset=\"https:\/\/francois-baranger.com\/wp-content\/uploads\/2025\/10\/page-french-paper-1024x857.jpg 1024w, https:\/\/francois-baranger.com\/wp-content\/uploads\/2025\/10\/page-french-paper-300x251.jpg 300w, https:\/\/francois-baranger.com\/wp-content\/uploads\/2025\/10\/page-french-paper-768x642.jpg 768w, https:\/\/francois-baranger.com\/wp-content\/uploads\/2025\/10\/page-french-paper-1536x1285.jpg 1536w, https:\/\/francois-baranger.com\/wp-content\/uploads\/2025\/10\/page-french-paper.jpg 1828w, https:\/\/francois-baranger.com\/wp-content\/uploads\/2025\/10\/page-french-paper-14x12.jpg 14w, https:\/\/francois-baranger.com\/wp-content\/uploads\/2025\/10\/page-french-paper-600x502.jpg 600w, https:\/\/francois-baranger.com\/wp-content\/uploads\/2025\/10\/page-french-paper-190x159.jpg 190w\" sizes=\"(max-width: 1024px) 100vw, 1024px\" \/><\/a><\/figure>\n\n\n\n<figure class=\"wp-block-gallery has-nested-images columns-5 is-cropped wp-block-gallery-1 is-layout-flex wp-block-gallery-is-layout-flex\">\n<figure class=\"wp-block-image size-medium\"><a href=\"https:\/\/francois-baranger.com\/wp-content\/uploads\/2025\/10\/page-french-paper-photo-1.jpg\" data-rel=\"lightbox-gallery-kwWKhXDA\" data-rl_title=\"\" data-rl_caption=\"\" title=\"\"><img decoding=\"async\" width=\"224\" height=\"300\" data-id=\"1069\" src=\"https:\/\/shop.francois-baranger.com\/wp-content\/uploads\/2025\/10\/page-french-paper-photo-1-224x300.jpg\" alt=\"\" class=\"wp-image-1069\" srcset=\"https:\/\/francois-baranger.com\/wp-content\/uploads\/2025\/10\/page-french-paper-photo-1-224x300.jpg 224w, https:\/\/francois-baranger.com\/wp-content\/uploads\/2025\/10\/page-french-paper-photo-1-763x1024.jpg 763w, https:\/\/francois-baranger.com\/wp-content\/uploads\/2025\/10\/page-french-paper-photo-1-768x1030.jpg 768w, https:\/\/francois-baranger.com\/wp-content\/uploads\/2025\/10\/page-french-paper-photo-1-9x12.jpg 9w, https:\/\/francois-baranger.com\/wp-content\/uploads\/2025\/10\/page-french-paper-photo-1-300x403.jpg 300w, https:\/\/francois-baranger.com\/wp-content\/uploads\/2025\/10\/page-french-paper-photo-1-600x805.jpg 600w, https:\/\/francois-baranger.com\/wp-content\/uploads\/2025\/10\/page-french-paper-photo-1.jpg 1118w\" sizes=\"(max-width: 224px) 100vw, 224px\" \/><\/a><\/figure>\n\n\n\n<figure class=\"wp-block-image size-medium\"><a href=\"https:\/\/francois-baranger.com\/wp-content\/uploads\/2025\/10\/page-french-paper-photo-2.jpg\" data-rel=\"lightbox-gallery-kwWKhXDA\" data-rl_title=\"\" data-rl_caption=\"\" title=\"\"><img decoding=\"async\" width=\"300\" height=\"300\" data-id=\"1071\" src=\"https:\/\/shop.francois-baranger.com\/wp-content\/uploads\/2025\/10\/page-french-paper-photo-2-300x300.jpg\" alt=\"\" class=\"wp-image-1071\" srcset=\"https:\/\/francois-baranger.com\/wp-content\/uploads\/2025\/10\/page-french-paper-photo-2-300x300.jpg 300w, https:\/\/francois-baranger.com\/wp-content\/uploads\/2025\/10\/page-french-paper-photo-2-1024x1024.jpg 1024w, https:\/\/francois-baranger.com\/wp-content\/uploads\/2025\/10\/page-french-paper-photo-2-150x150.jpg 150w, https:\/\/francois-baranger.com\/wp-content\/uploads\/2025\/10\/page-french-paper-photo-2-768x768.jpg 768w, https:\/\/francois-baranger.com\/wp-content\/uploads\/2025\/10\/page-french-paper-photo-2-12x12.jpg 12w, https:\/\/francois-baranger.com\/wp-content\/uploads\/2025\/10\/page-french-paper-photo-2-600x600.jpg 600w, https:\/\/francois-baranger.com\/wp-content\/uploads\/2025\/10\/page-french-paper-photo-2-100x100.jpg 100w, https:\/\/francois-baranger.com\/wp-content\/uploads\/2025\/10\/page-french-paper-photo-2-50x50.jpg 50w, https:\/\/francois-baranger.com\/wp-content\/uploads\/2025\/10\/page-french-paper-photo-2.jpg 1200w\" sizes=\"(max-width: 300px) 100vw, 300px\" \/><\/a><\/figure>\n\n\n\n<figure class=\"wp-block-image size-medium\"><a href=\"https:\/\/francois-baranger.com\/wp-content\/uploads\/2025\/10\/page-french-paper-photo-3.jpg\" data-rel=\"lightbox-gallery-kwWKhXDA\" data-rl_title=\"\" data-rl_caption=\"\" title=\"\"><img decoding=\"async\" width=\"300\" height=\"300\" data-id=\"1073\" src=\"https:\/\/shop.francois-baranger.com\/wp-content\/uploads\/2025\/10\/page-french-paper-photo-3-300x300.jpg\" alt=\"\" class=\"wp-image-1073\" srcset=\"https:\/\/francois-baranger.com\/wp-content\/uploads\/2025\/10\/page-french-paper-photo-3-300x300.jpg 300w, https:\/\/francois-baranger.com\/wp-content\/uploads\/2025\/10\/page-french-paper-photo-3-150x150.jpg 150w, https:\/\/francois-baranger.com\/wp-content\/uploads\/2025\/10\/page-french-paper-photo-3-768x768.jpg 768w, https:\/\/francois-baranger.com\/wp-content\/uploads\/2025\/10\/page-french-paper-photo-3-12x12.jpg 12w, https:\/\/francois-baranger.com\/wp-content\/uploads\/2025\/10\/page-french-paper-photo-3-600x600.jpg 600w, https:\/\/francois-baranger.com\/wp-content\/uploads\/2025\/10\/page-french-paper-photo-3-100x100.jpg 100w, https:\/\/francois-baranger.com\/wp-content\/uploads\/2025\/10\/page-french-paper-photo-3-50x50.jpg 50w, https:\/\/francois-baranger.com\/wp-content\/uploads\/2025\/10\/page-french-paper-photo-3.jpg 1000w\" sizes=\"(max-width: 300px) 100vw, 300px\" \/><\/a><\/figure>\n\n\n\n<figure class=\"wp-block-image size-medium\"><a href=\"https:\/\/francois-baranger.com\/wp-content\/uploads\/2025\/10\/page-french-paper-photo-4.jpg\" data-rel=\"lightbox-gallery-kwWKhXDA\" data-rl_title=\"\" data-rl_caption=\"\" title=\"\"><img decoding=\"async\" width=\"300\" height=\"300\" data-id=\"1072\" src=\"https:\/\/shop.francois-baranger.com\/wp-content\/uploads\/2025\/10\/page-french-paper-photo-4-300x300.jpg\" alt=\"\" class=\"wp-image-1072\" srcset=\"https:\/\/francois-baranger.com\/wp-content\/uploads\/2025\/10\/page-french-paper-photo-4-300x300.jpg 300w, https:\/\/francois-baranger.com\/wp-content\/uploads\/2025\/10\/page-french-paper-photo-4-1024x1024.jpg 1024w, https:\/\/francois-baranger.com\/wp-content\/uploads\/2025\/10\/page-french-paper-photo-4-150x150.jpg 150w, https:\/\/francois-baranger.com\/wp-content\/uploads\/2025\/10\/page-french-paper-photo-4-768x768.jpg 768w, https:\/\/francois-baranger.com\/wp-content\/uploads\/2025\/10\/page-french-paper-photo-4-12x12.jpg 12w, https:\/\/francois-baranger.com\/wp-content\/uploads\/2025\/10\/page-french-paper-photo-4-600x600.jpg 600w, https:\/\/francois-baranger.com\/wp-content\/uploads\/2025\/10\/page-french-paper-photo-4-100x100.jpg 100w, https:\/\/francois-baranger.com\/wp-content\/uploads\/2025\/10\/page-french-paper-photo-4-50x50.jpg 50w, https:\/\/francois-baranger.com\/wp-content\/uploads\/2025\/10\/page-french-paper-photo-4.jpg 1490w\" sizes=\"(max-width: 300px) 100vw, 300px\" \/><\/a><\/figure>\n\n\n\n<figure class=\"wp-block-image size-medium\"><a href=\"https:\/\/francois-baranger.com\/wp-content\/uploads\/2025\/10\/page-french-paper-photo-5.jpg\" data-rel=\"lightbox-gallery-kwWKhXDA\" data-rl_title=\"\" data-rl_caption=\"\" title=\"\"><img decoding=\"async\" width=\"300\" height=\"300\" data-id=\"1070\" src=\"https:\/\/shop.francois-baranger.com\/wp-content\/uploads\/2025\/10\/page-french-paper-photo-5-300x300.jpg\" alt=\"\" class=\"wp-image-1070\" srcset=\"https:\/\/francois-baranger.com\/wp-content\/uploads\/2025\/10\/page-french-paper-photo-5-300x300.jpg 300w, https:\/\/francois-baranger.com\/wp-content\/uploads\/2025\/10\/page-french-paper-photo-5-1024x1024.jpg 1024w, https:\/\/francois-baranger.com\/wp-content\/uploads\/2025\/10\/page-french-paper-photo-5-150x150.jpg 150w, https:\/\/francois-baranger.com\/wp-content\/uploads\/2025\/10\/page-french-paper-photo-5-768x768.jpg 768w, https:\/\/francois-baranger.com\/wp-content\/uploads\/2025\/10\/page-french-paper-photo-5-12x12.jpg 12w, https:\/\/francois-baranger.com\/wp-content\/uploads\/2025\/10\/page-french-paper-photo-5-600x600.jpg 600w, https:\/\/francois-baranger.com\/wp-content\/uploads\/2025\/10\/page-french-paper-photo-5-100x100.jpg 100w, https:\/\/francois-baranger.com\/wp-content\/uploads\/2025\/10\/page-french-paper-photo-5-50x50.jpg 50w, https:\/\/francois-baranger.com\/wp-content\/uploads\/2025\/10\/page-french-paper-photo-5.jpg 1080w\" sizes=\"(max-width: 300px) 100vw, 300px\" \/><\/a><\/figure>\n<\/figure>","protected":false},"excerpt":{"rendered":"<p>Affiches La galerie French Paper Art Club propose \u00e0 la vente des tirages d&#8217;art de mes illustrations en \u00e9ditions limit\u00e9es, num\u00e9rot\u00e9es et sign\u00e9es.Ce sont des impression de haute qualit\u00e9, en tirage pigmentaire &#8220;gicl\u00e9e&#8221; sur papier Fine Art 250g\/m2.<\/p>","protected":false},"author":3,"featured_media":0,"parent":0,"menu_order":0,"comment_status":"closed","ping_status":"closed","template":"","meta":{"footnotes":""},"class_list":["post-1015","page","type-page","status-publish","hentry"],"_links":{"self":[{"href":"https:\/\/francois-baranger.com\/en\/wp-json\/wp\/v2\/pages\/1015","targetHints":{"allow":["GET"]}}],"collection":[{"href":"https:\/\/francois-baranger.com\/en\/wp-json\/wp\/v2\/pages"}],"about":[{"href":"https:\/\/francois-baranger.com\/en\/wp-json\/wp\/v2\/types\/page"}],"author":[{"embeddable":true,"href":"https:\/\/francois-baranger.com\/en\/wp-json\/wp\/v2\/users\/3"}],"replies":[{"embeddable":true,"href":"https:\/\/francois-baranger.com\/en\/wp-json\/wp\/v2\/comments?post=1015"}],"version-history":[{"count":16,"href":"https:\/\/francois-baranger.com\/en\/wp-json\/wp\/v2\/pages\/1015\/revisions"}],"predecessor-version":[{"id":1870,"href":"https:\/\/francois-baranger.com\/en\/wp-json\/wp\/v2\/pages\/1015\/revisions\/1870"}],"wp:attachment":[{"href":"https:\/\/francois-baranger.com\/en\/wp-json\/wp\/v2\/media?parent=1015"}],"curies":[{"name":"wp","href":"https:\/\/api.w.org\/{rel}","templated":true}]}}