{"id":1046,"date":"2025-10-29T12:09:06","date_gmt":"2025-10-29T11:09:06","guid":{"rendered":"https:\/\/shop.francois-baranger.com\/?page_id=1046"},"modified":"2025-11-07T11:03:30","modified_gmt":"2025-11-07T10:03:30","slug":"cgv","status":"publish","type":"page","link":"https:\/\/francois-baranger.com\/en\/cgv\/","title":{"rendered":"Terms and Conditions of Sale"},"content":{"rendered":"<h1 class=\"wp-block-heading\">Terms and Conditions of Sale<\/h1>\n\n\n\n<p class=\"has-contrast-color has-text-color has-link-color wp-elements-4451d78cbfd61be69321bf7c8e8ee2d0\" style=\"font-style:italic;font-weight:400\">NOTE : This page has been translated from the French version using an automatic translator and may therefore contain some errors or approximations. This translation is provided for information purposes only. Only the French version page has legal value.<\/p>\n\n\n\n<p><strong>Acceptance of these general terms and conditions of sale:<\/strong><br>By confirming your order, you acknowledge that you have read these terms and conditions of sale and accept them in their entirety.<\/p>\n\n\n\n<p><strong>Identification of the seller:<\/strong><br>Agreement to these Terms and Conditions of Sale:<br>\u00ab&nbsp;Fran\u00e7ois Baranger Boutique&nbsp;\u00bb (francois-baranger.com)<br>N\u00b0 de SIRET : 497 516 047 00022<br>Sole proprietorship, VAT registered.<\/p>\n\n\n\n<p><strong>Specifications of items sold:<\/strong><br>The products sold on the \u2018Fran\u00e7ois Baranger Boutique\u2019 website are books, accessories (goodies) or original works of art created by the artist Fran\u00e7ois Baranger.<\/p>\n\n\n\n<p>The images of the products presented on the website are not contractually binding, as they may vary slightly in terms of graphic details or colours due to the limitations of screen reproduction. These variations may be even more significant in the case of original works or personalised products.<\/p>\n\n\n\n<p>Our product offers are subject to availability. If, despite our best efforts, products are unavailable after you have placed your order, we will inform you by email, post or telephone as soon as possible. You can then request the cancellation or exchange of your order by writing to: contact@francois-baranger.com. <a href=\"mailto:contact@francois-baranger.com\">contact@francois-baranger.com<\/a>.<\/p>\n\n\n\n<p><strong>Price:<\/strong><br>All prices listed on the Fran\u00e7ois Baranger Boutique website are in euros (\u20ac), are set freely by Fran\u00e7ois Baranger Boutique, and include all taxes. \u2018Fran\u00e7ois Baranger Boutique\u2019 reserves the right to modify its prices at any time. Products are invoiced on the basis of the prices in force at the time of order registration, subject to availability.<br>The total price must be paid in full at the time the order is finalised, i.e. the price of the item(s) plus delivery costs.<br>Delivery costs are charged as an extra. They are clearly indicated at the time of placing the order and include shipping and packaging costs.<br>All prices listed on the \u2018Fran\u00e7ois Baranger Boutique\u2019 website are non-negotiable by the buyer.<\/p>\n\n\n\n<p><strong>Ordering and confirmation:<\/strong><br>The ordering and order confirmation process results in a detailed summary that you must confirm. By clicking on the \u2018Confirm\u2019 button during payment, you confirm your order and declare that you accept these general terms and conditions of sale in full and without reservation, and accept your order. This confirmation, together with all the computer data recorded by \u2018Fran\u00e7ois Baranger Boutique\u2019, is considered as proof of our transactions. It shall also serve as a signature and acceptance of the transactions carried out. \u2018Fran\u00e7ois Baranger Boutique\u2019 will send you a summary and confirmation of receipt of your order by email. \u2018Fran\u00e7ois Baranger Boutique\u2019 reserves the right to refuse any order from a customer with whom there is a dispute regarding payment for a previous order. The information provided by the buyer when placing the order is binding: in the event of an error in the recipient's contact details, \u2018Fran\u00e7ois Baranger Boutique\u2019 cannot be held responsible for any inability to deliver the product.<\/p>\n\n\n\n<p><strong>Payment:<\/strong><br>Payments are made online by credit card and are fully secure thanks to the PayPal platform. You do not need to have a PayPal account; you can pay directly on the platform with your bank card. PayPal is a secure online payment service. You can find all the information you need at <a href=\"https:\/\/www.paypal.com\/fr\" target=\"_blank\" rel=\"noopener\">www.paypal.fr<\/a>. We will process your order as soon as we receive your payment. The order confirmation date corresponds to the online payment date. &nbsp;&nbsp;&nbsp;&nbsp;&nbsp;&nbsp;<\/p>\n\n\n\n<p><strong>Withdrawal period:<\/strong><br>In accordance with Article L.221-21 of the Consumer Code, the buyer has a period of 14 working days to return, at their own expense and risk, any items that are not suitable, for an exchange or refund. This period starts from the day of receipt of the order.<br>This right of withdrawal may be exercised without penalty, however, the return shipping costs shall be paid by the buyer and the shipping and return conditions must be identical. All returns must be notified in advance by email to <a href=\"mailto:contact@francois-baranger.com\">contact@francois-baranger.com<\/a>. Items must be returned in their original condition and in their original packaging. Otherwise, the items will not be taken back, refunded or exchanged.<br>Once the buyer has exercised their right of withdrawal within the specified period, \u2018Fran\u00e7ois Baranger Boutique\u2019 undertakes to refund them within 30 days of the date on which this right was exercised, for the total amount paid, excluding shipping and return costs.<br>In any case, it is not possible to exchange or obtain a refund for items that are on sale or have been personalised (e.g. signed books).<\/p>\n\n\n\n<p><strong>Livraison :<br><\/strong>Transport costs are payable by the purchaser. Products are delivered to the delivery address you specified when placing your order.<br>Shipping times are 3 to 7 working days from receipt of payment. The delivery times indicated are average times and correspond to the processing and shipping times for products destined for France. They are not binding. They may sometimes be extended in the case of products that require special customisation by the artist Fran\u00e7ois Baranger, depending on his availability.<br>\u2018Fran\u00e7ois Baranger Boutique\u2019 cannot be held liable for any delays in delivery. Parcels are sent by \u2018Colissimo suivi\u2019 with or without \u2018delivery upon signature\u2019, depending on the products. The price varies according to the weight of the parcel and its destination. The customer will be informed of the delivery charge during the ordering process. The customer is required to check the contents of the parcel in front of the delivery person. \u2018Fran\u00e7ois Baranger Boutique\u2019 cannot be held liable for any damage caused by the carrier.<\/p>\n\n\n\n<p><strong>Intellectual property:<br><\/strong>All elements reproduced on this website (logos, photographs, texts, illustrations, etc.) are protected by intellectual property law and the Civil Code and belong to \u2018Fran\u00e7ois Baranger Boutique\u2019. Consequently, none of these elements may be represented, downloaded, reproduced, transmitted, translated, sold, exploited commercially or free of charge, or reused in any way whatsoever without the prior consent of \u2018Fran\u00e7ois Baranger Boutique\u2019.<\/p>\n\n\n\n<p>The purchase of an original work of art (including drawings made as \u2018dedications\u2019 on books sold on the website) does not give the purchaser the right to reproduce it in any way whatsoever. The ownership and copyright of the work of art remain with Fran\u00e7ois Baranger.<strong><\/strong><\/p>\n\n\n\n<p><strong>Liability:<\/strong><br>The photographs and texts reproduced and illustrating the products presented are not contractual. Fran\u00e7ois Baranger Boutique cannot be held liable for any errors in any of these photographs or texts.<br>\u2018Fran\u00e7ois Baranger Boutique\u2019 cannot be held liable for the non-performance of the contract concluded in the event of stock shortages or product unavailability or force majeure. Force majeure includes all cases recognised by case law and any malfunction of the Internet network, disruption or total or partial strike, in particular of postal services and means of transport and\/or communications, flooding, fire, etc.<br>The items presented on this website are the creations of Fran\u00e7ois Baranger.<br>\u2018Fran\u00e7ois Baranger Boutique\u2019 endeavours to show the colours and details of the items as closely as possible to reality. However, the colour and details of the items that appear on the screen may vary depending on the quality of your computer monitor, which is why \u2018Fran\u00e7ois Baranger Boutique\u2019 cannot guarantee that the colours appearing on your screen will exactly match the actual colours or details of the items presented.<\/p>\n\n\n\n<p><strong>Personal data protection:<br><\/strong>Committed to protecting your privacy, Fran\u00e7ois Baranger Boutique treats all information concerning you with the strictest confidentiality. We only ask you for information that is essential for high-quality processing and careful tracking of your order (surname, first name, email address, postal address). This information is reserved for \u2018Fran\u00e7ois Baranger Boutique\u2019 and is never passed on to third parties.<\/p>\n\n\n\n<p><strong>Applicable law:<br><\/strong>These general terms and conditions of sale are subject to French law.<br>In the event of a dispute, the buyer agrees to first contact \u2018Fran\u00e7ois Baranger Boutique\u2019 via the website \u2018francois-baranger.com\u2019 in order to find an amicable solution.<\/p>\n\n\n\n<p><strong>Modification of the general terms and conditions of sale:<\/strong><br>\u2018Fran\u00e7ois Baranger Boutique\u2019 reserves the right to modify these general terms and conditions of sale at any time.<\/p>","protected":false},"excerpt":{"rendered":"<p>Conditions g\u00e9n\u00e9rales de vente Version fran\u00e7aise des CGV. Acceptation des pr\u00e9sentes conditions g\u00e9n\u00e9rales de vente :En confirmant votre commande, vous reconnaissez avoir pris connaissance des pr\u00e9sentes conditions g\u00e9n\u00e9rales de vente et les accepter dans leur int\u00e9gralit\u00e9. Identification du vendeur :Les pr\u00e9sentes conditions g\u00e9n\u00e9rales de vente concernent le site de vente en ligne :\u00ab&nbsp;Fran\u00e7ois Baranger Boutique&nbsp;\u00bb [&hellip;]<\/p>\n","protected":false},"author":3,"featured_media":0,"parent":0,"menu_order":0,"comment_status":"closed","ping_status":"closed","template":"","meta":{"footnotes":""},"class_list":["post-1046","page","type-page","status-publish","hentry"],"_links":{"self":[{"href":"https:\/\/francois-baranger.com\/en\/wp-json\/wp\/v2\/pages\/1046","targetHints":{"allow":["GET"]}}],"collection":[{"href":"https:\/\/francois-baranger.com\/en\/wp-json\/wp\/v2\/pages"}],"about":[{"href":"https:\/\/francois-baranger.com\/en\/wp-json\/wp\/v2\/types\/page"}],"author":[{"embeddable":true,"href":"https:\/\/francois-baranger.com\/en\/wp-json\/wp\/v2\/users\/3"}],"replies":[{"embeddable":true,"href":"https:\/\/francois-baranger.com\/en\/wp-json\/wp\/v2\/comments?post=1046"}],"version-history":[{"count":12,"href":"https:\/\/francois-baranger.com\/en\/wp-json\/wp\/v2\/pages\/1046\/revisions"}],"predecessor-version":[{"id":1480,"href":"https:\/\/francois-baranger.com\/en\/wp-json\/wp\/v2\/pages\/1046\/revisions\/1480"}],"wp:attachment":[{"href":"https:\/\/francois-baranger.com\/en\/wp-json\/wp\/v2\/media?parent=1046"}],"curies":[{"name":"wp","href":"https:\/\/api.w.org\/{rel}","templated":true}]}}