{"id":44,"date":"2025-09-26T18:07:57","date_gmt":"2025-09-26T16:07:57","guid":{"rendered":"https:\/\/shop.francois-baranger.com\/?page_id=44"},"modified":"2025-10-28T11:14:31","modified_gmt":"2025-10-28T10:14:31","slug":"contact","status":"publish","type":"page","link":"https:\/\/francois-baranger.com\/en\/contact\/","title":{"rendered":"Contact"},"content":{"rendered":"<h1 class=\"wp-block-heading\">Contact<\/h1>\n\n\n\n<p>If you have any questions, please do not hesitate to contact us at this address: <a href=\"mailto:contact@francois-baranger.com\" target=\"_blank\" rel=\"noreferrer noopener\">contact@francois-baranger.com<\/a>.<\/p>\n\n\n\n<p><\/p>","protected":false},"excerpt":{"rendered":"<p>Contact Pour toute question, n\u2019h\u00e9sitez pas \u00e0 nous contacter \u00e0 cette adresse : contact@francois-baranger.com.<\/p>","protected":false},"author":2,"featured_media":0,"parent":0,"menu_order":0,"comment_status":"closed","ping_status":"closed","template":"","meta":{"footnotes":""},"class_list":["post-44","page","type-page","status-publish","hentry"],"_links":{"self":[{"href":"https:\/\/francois-baranger.com\/en\/wp-json\/wp\/v2\/pages\/44","targetHints":{"allow":["GET"]}}],"collection":[{"href":"https:\/\/francois-baranger.com\/en\/wp-json\/wp\/v2\/pages"}],"about":[{"href":"https:\/\/francois-baranger.com\/en\/wp-json\/wp\/v2\/types\/page"}],"author":[{"embeddable":true,"href":"https:\/\/francois-baranger.com\/en\/wp-json\/wp\/v2\/users\/2"}],"replies":[{"embeddable":true,"href":"https:\/\/francois-baranger.com\/en\/wp-json\/wp\/v2\/comments?post=44"}],"version-history":[{"count":3,"href":"https:\/\/francois-baranger.com\/en\/wp-json\/wp\/v2\/pages\/44\/revisions"}],"predecessor-version":[{"id":1014,"href":"https:\/\/francois-baranger.com\/en\/wp-json\/wp\/v2\/pages\/44\/revisions\/1014"}],"wp:attachment":[{"href":"https:\/\/francois-baranger.com\/en\/wp-json\/wp\/v2\/media?parent=44"}],"curies":[{"name":"wp","href":"https:\/\/api.w.org\/{rel}","templated":true}]}}