{"id":1326,"date":"2025-11-04T17:35:04","date_gmt":"2025-11-04T16:35:04","guid":{"rendered":"https:\/\/shop.francois-baranger.com\/?post_type=product&#038;p=1326"},"modified":"2026-03-31T10:03:27","modified_gmt":"2026-03-31T08:03:27","slug":"appel-de-cthulhu-collector","status":"publish","type":"product","link":"https:\/\/francois-baranger.com\/en\/product\/appel-de-cthulhu-collector\/","title":{"rendered":"L&#8217;appel de Cthulhu (Collector)"},"content":{"rendered":"<p class=\"livres-langue\" style=\"border-style:none;border-width:0px;font-size:clamp(15.197px, 0.95rem + ((1vw - 3.2px) * 0.887), 23px);font-style:normal;font-weight:400;line-height:1\">(FRENCH version of \"The Call of Cthulhu\")<\/p>\n\n\n\n<p class=\"has-accent-2-color has-text-color has-link-color wp-elements-d0e4e36beffcfa5de6795640f5511d07\" style=\"margin-top:11px;margin-bottom:11px;font-size:clamp(0.875rem, 0.875rem + ((1vw - 0.2rem) * 0.227), 1rem);font-style:italic;font-weight:400\"><strong><mark style=\"background-color:rgba(0, 0, 0, 0);color:#9b5e23\" class=\"has-inline-color\">Last copies available!<\/mark> <\/strong>Print run permanently out of stock, unavailable in shops. Copies of the numbered and signed version.<\/p>\n\n\n\n<p class=\"livres-caracteristiques\" style=\"font-style:italic;font-weight:500\">112 pages &#8211; 29,1 x 38,6 cm<br>(2021 COLLECTOR'S EDITION, featuring 5 additional illustrations and a 34-page making-of booklet)<\/p>\n\n\n\n<p class=\"livre-resume\" style=\"margin-top:11px;margin-bottom:11px\">Boston, 1926. Following the death of his great-uncle, Francis Thurston discovers in the documents he inherits the existence of a cult worshipping Cthulhu, an unnamable creature that has been asleep for millions of years. He gradually comes to understand that his great-uncle's research was far too close to the truth and that, in the shadows, adepts are working to awaken their pagan god...<\/p>\n\n\n\n<p class=\"livre-texte-int\u00e9gral\" style=\"margin-top:11px;margin-bottom:11px;font-style:italic;font-weight:500\">Illustrated version by Fran\u00e7ois Baranger of Lovecraft's story. Full text.<\/p>\n\n\n\n<figure class=\"wp-block-gallery has-nested-images columns-5 is-cropped wp-block-gallery-1 is-layout-flex wp-block-gallery-is-layout-flex\" style=\"border-style:none;border-width:0px;border-radius:0px;margin-top:var(--wp--preset--spacing--20);margin-right:0;margin-bottom:var(--wp--preset--spacing--20);margin-left:0;padding-top:0;padding-right:0;padding-bottom:0;padding-left:0\">\n<figure class=\"wp-block-image size-medium\"><a href=\"https:\/\/shop.francois-baranger.com\/wp-content\/uploads\/2025\/11\/signed-books-fr-preview-cthulhu-collec-1.jpg\" data-rel=\"lightbox-gallery-ZCOheC7U\" data-rl_title=\"\" data-rl_caption=\"\" title=\"\"><img decoding=\"async\" width=\"300\" height=\"225\" data-id=\"1424\" src=\"https:\/\/shop.francois-baranger.com\/wp-content\/uploads\/2025\/11\/signed-books-fr-preview-cthulhu-collec-1-300x225.jpg\" alt=\"\" class=\"wp-image-1424\" srcset=\"https:\/\/francois-baranger.com\/wp-content\/uploads\/2025\/11\/signed-books-fr-preview-cthulhu-collec-1-300x225.jpg 300w, https:\/\/francois-baranger.com\/wp-content\/uploads\/2025\/11\/signed-books-fr-preview-cthulhu-collec-1-1024x768.jpg 1024w, https:\/\/francois-baranger.com\/wp-content\/uploads\/2025\/11\/signed-books-fr-preview-cthulhu-collec-1-768x576.jpg 768w, https:\/\/francois-baranger.com\/wp-content\/uploads\/2025\/11\/signed-books-fr-preview-cthulhu-collec-1-1536x1152.jpg 1536w, https:\/\/francois-baranger.com\/wp-content\/uploads\/2025\/11\/signed-books-fr-preview-cthulhu-collec-1-16x12.jpg 16w, https:\/\/francois-baranger.com\/wp-content\/uploads\/2025\/11\/signed-books-fr-preview-cthulhu-collec-1-190x143.jpg 190w, https:\/\/francois-baranger.com\/wp-content\/uploads\/2025\/11\/signed-books-fr-preview-cthulhu-collec-1-600x450.jpg 600w, https:\/\/francois-baranger.com\/wp-content\/uploads\/2025\/11\/signed-books-fr-preview-cthulhu-collec-1.jpg 1920w\" sizes=\"(max-width: 300px) 100vw, 300px\" \/><\/a><\/figure>\n\n\n\n<figure class=\"wp-block-image size-medium\"><a href=\"https:\/\/shop.francois-baranger.com\/wp-content\/uploads\/2025\/11\/signed-books-fr-preview-cthulhu-collec-2.jpg\" data-rel=\"lightbox-gallery-ZCOheC7U\" data-rl_title=\"\" data-rl_caption=\"\" title=\"\"><img decoding=\"async\" width=\"300\" height=\"225\" data-id=\"1425\" src=\"https:\/\/shop.francois-baranger.com\/wp-content\/uploads\/2025\/11\/signed-books-fr-preview-cthulhu-collec-2-300x225.jpg\" alt=\"\" class=\"wp-image-1425\" srcset=\"https:\/\/francois-baranger.com\/wp-content\/uploads\/2025\/11\/signed-books-fr-preview-cthulhu-collec-2-300x225.jpg 300w, https:\/\/francois-baranger.com\/wp-content\/uploads\/2025\/11\/signed-books-fr-preview-cthulhu-collec-2-1024x768.jpg 1024w, https:\/\/francois-baranger.com\/wp-content\/uploads\/2025\/11\/signed-books-fr-preview-cthulhu-collec-2-768x576.jpg 768w, https:\/\/francois-baranger.com\/wp-content\/uploads\/2025\/11\/signed-books-fr-preview-cthulhu-collec-2-1536x1152.jpg 1536w, https:\/\/francois-baranger.com\/wp-content\/uploads\/2025\/11\/signed-books-fr-preview-cthulhu-collec-2-16x12.jpg 16w, https:\/\/francois-baranger.com\/wp-content\/uploads\/2025\/11\/signed-books-fr-preview-cthulhu-collec-2-190x143.jpg 190w, https:\/\/francois-baranger.com\/wp-content\/uploads\/2025\/11\/signed-books-fr-preview-cthulhu-collec-2-600x450.jpg 600w, https:\/\/francois-baranger.com\/wp-content\/uploads\/2025\/11\/signed-books-fr-preview-cthulhu-collec-2.jpg 1920w\" sizes=\"(max-width: 300px) 100vw, 300px\" \/><\/a><\/figure>\n\n\n\n<figure class=\"wp-block-image size-medium\"><a href=\"https:\/\/shop.francois-baranger.com\/wp-content\/uploads\/2025\/11\/signed-books-fr-preview-cthulhu-collec-3.jpg\" data-rel=\"lightbox-gallery-ZCOheC7U\" data-rl_title=\"\" data-rl_caption=\"\" title=\"\"><img decoding=\"async\" width=\"300\" height=\"225\" data-id=\"1426\" src=\"https:\/\/shop.francois-baranger.com\/wp-content\/uploads\/2025\/11\/signed-books-fr-preview-cthulhu-collec-3-300x225.jpg\" alt=\"\" class=\"wp-image-1426\" srcset=\"https:\/\/francois-baranger.com\/wp-content\/uploads\/2025\/11\/signed-books-fr-preview-cthulhu-collec-3-300x225.jpg 300w, https:\/\/francois-baranger.com\/wp-content\/uploads\/2025\/11\/signed-books-fr-preview-cthulhu-collec-3-1024x768.jpg 1024w, https:\/\/francois-baranger.com\/wp-content\/uploads\/2025\/11\/signed-books-fr-preview-cthulhu-collec-3-768x576.jpg 768w, https:\/\/francois-baranger.com\/wp-content\/uploads\/2025\/11\/signed-books-fr-preview-cthulhu-collec-3-1536x1152.jpg 1536w, https:\/\/francois-baranger.com\/wp-content\/uploads\/2025\/11\/signed-books-fr-preview-cthulhu-collec-3-16x12.jpg 16w, https:\/\/francois-baranger.com\/wp-content\/uploads\/2025\/11\/signed-books-fr-preview-cthulhu-collec-3-190x143.jpg 190w, https:\/\/francois-baranger.com\/wp-content\/uploads\/2025\/11\/signed-books-fr-preview-cthulhu-collec-3-600x450.jpg 600w, https:\/\/francois-baranger.com\/wp-content\/uploads\/2025\/11\/signed-books-fr-preview-cthulhu-collec-3.jpg 1920w\" sizes=\"(max-width: 300px) 100vw, 300px\" \/><\/a><\/figure>\n\n\n\n<figure class=\"wp-block-image size-medium\"><a href=\"https:\/\/shop.francois-baranger.com\/wp-content\/uploads\/2025\/11\/signed-books-fr-preview-cthulhu-collec-4.jpg\" data-rel=\"lightbox-gallery-ZCOheC7U\" data-rl_title=\"\" data-rl_caption=\"\" title=\"\"><img decoding=\"async\" width=\"300\" height=\"225\" data-id=\"1427\" src=\"https:\/\/shop.francois-baranger.com\/wp-content\/uploads\/2025\/11\/signed-books-fr-preview-cthulhu-collec-4-300x225.jpg\" alt=\"\" class=\"wp-image-1427\" srcset=\"https:\/\/francois-baranger.com\/wp-content\/uploads\/2025\/11\/signed-books-fr-preview-cthulhu-collec-4-300x225.jpg 300w, https:\/\/francois-baranger.com\/wp-content\/uploads\/2025\/11\/signed-books-fr-preview-cthulhu-collec-4-1024x768.jpg 1024w, https:\/\/francois-baranger.com\/wp-content\/uploads\/2025\/11\/signed-books-fr-preview-cthulhu-collec-4-768x576.jpg 768w, https:\/\/francois-baranger.com\/wp-content\/uploads\/2025\/11\/signed-books-fr-preview-cthulhu-collec-4-1536x1152.jpg 1536w, https:\/\/francois-baranger.com\/wp-content\/uploads\/2025\/11\/signed-books-fr-preview-cthulhu-collec-4-16x12.jpg 16w, https:\/\/francois-baranger.com\/wp-content\/uploads\/2025\/11\/signed-books-fr-preview-cthulhu-collec-4-190x143.jpg 190w, https:\/\/francois-baranger.com\/wp-content\/uploads\/2025\/11\/signed-books-fr-preview-cthulhu-collec-4-600x450.jpg 600w, https:\/\/francois-baranger.com\/wp-content\/uploads\/2025\/11\/signed-books-fr-preview-cthulhu-collec-4.jpg 1920w\" sizes=\"(max-width: 300px) 100vw, 300px\" \/><\/a><\/figure>\n\n\n\n<figure class=\"wp-block-image size-medium\"><a href=\"https:\/\/shop.francois-baranger.com\/wp-content\/uploads\/2025\/11\/signed-books-fr-preview-cthulhu-collec-5.jpg\" data-rel=\"lightbox-gallery-ZCOheC7U\" data-rl_title=\"\" data-rl_caption=\"\" title=\"\"><img decoding=\"async\" width=\"300\" height=\"225\" data-id=\"1428\" src=\"https:\/\/shop.francois-baranger.com\/wp-content\/uploads\/2025\/11\/signed-books-fr-preview-cthulhu-collec-5-300x225.jpg\" alt=\"\" class=\"wp-image-1428\" srcset=\"https:\/\/francois-baranger.com\/wp-content\/uploads\/2025\/11\/signed-books-fr-preview-cthulhu-collec-5-300x225.jpg 300w, https:\/\/francois-baranger.com\/wp-content\/uploads\/2025\/11\/signed-books-fr-preview-cthulhu-collec-5-1024x768.jpg 1024w, https:\/\/francois-baranger.com\/wp-content\/uploads\/2025\/11\/signed-books-fr-preview-cthulhu-collec-5-768x576.jpg 768w, https:\/\/francois-baranger.com\/wp-content\/uploads\/2025\/11\/signed-books-fr-preview-cthulhu-collec-5-1536x1152.jpg 1536w, https:\/\/francois-baranger.com\/wp-content\/uploads\/2025\/11\/signed-books-fr-preview-cthulhu-collec-5-16x12.jpg 16w, https:\/\/francois-baranger.com\/wp-content\/uploads\/2025\/11\/signed-books-fr-preview-cthulhu-collec-5-190x143.jpg 190w, https:\/\/francois-baranger.com\/wp-content\/uploads\/2025\/11\/signed-books-fr-preview-cthulhu-collec-5-600x450.jpg 600w, https:\/\/francois-baranger.com\/wp-content\/uploads\/2025\/11\/signed-books-fr-preview-cthulhu-collec-5.jpg 1920w\" sizes=\"(max-width: 300px) 100vw, 300px\" \/><\/a><\/figure>\n<\/figure>\n\n\n\n<p style=\"margin-top:8px;margin-bottom:8px;font-style:italic;font-weight:300;line-height:1.2\">(For delivery times or any other questions, please consult the <a href=\"https:\/\/shop.francois-baranger.com\/faq\/\"><strong>FAQ <\/strong><\/a>or <strong><a href=\"https:\/\/shop.francois-baranger.com\/contact\/\">contact us<\/a><\/strong>.)<\/p>\n\n\n\n<hr class=\"wp-block-separator has-alpha-channel-opacity is-style-default\" style=\"margin-top:var(--wp--preset--spacing--30);margin-bottom:var(--wp--preset--spacing--30)\"\/>\n\n\n\n<h2 class=\"wp-block-heading\"><mark style=\"background-color:#c5d5d3\" class=\"has-inline-color\">Personalisation of the book by Fran\u00e7ois Baranger<\/mark><\/h2>\n\n\n\n<p style=\"margin-top:8px;margin-bottom:8px;font-style:normal;font-weight:500;text-decoration:underline\">The artist will add his personal stamp and write a personalised dedication:<\/p>\n\n\n\n<p style=\"margin-top:0px;margin-bottom:0px;line-height:1.2\">\u2013 Enter a first name, a name or a nickname in the box below (<strong>mandatory<\/strong>).<br>\u2013 If you would also like a specific phrase, you can write it here (French or English only).<\/p>","protected":false},"excerpt":{"rendered":"<p>(Version FRAN\u00c7AISE de &#8220;The Call of Cthulhu&#8221;) Derniers exemplaires disponibles ! Tirage d\u00e9finitivement \u00e9puis\u00e9, indisponible dans le commerce. Exemplaires de la version num\u00e9rot\u00e9e et sign\u00e9e. 112 pages &#8211; 29,1 x 38,6 cm(\u00c9dition COLLECTOR 2021, comportant 5 illustrations suppl\u00e9mentaires et un cahier making of de 34 pages) Boston, 1926. Suite au d\u00e9c\u00e8s de son grand-oncle, Francis [&hellip;]<\/p>\n","protected":false},"featured_media":351,"template":"","meta":[],"product_brand":[],"product_cat":[18],"product_tag":[69],"class_list":{"0":"post-1326","1":"product","2":"type-product","3":"status-publish","4":"has-post-thumbnail","6":"product_cat-artbooks-signes","7":"product_tag-francais","8":"wcpa_has_options","10":"first","11":"outofstock","12":"sold-individually","13":"taxable","14":"shipping-taxable","15":"purchasable","16":"product-type-variable","17":"has-default-attributes"},"_links":{"self":[{"href":"https:\/\/francois-baranger.com\/en\/wp-json\/wp\/v2\/product\/1326","targetHints":{"allow":["GET"]}}],"collection":[{"href":"https:\/\/francois-baranger.com\/en\/wp-json\/wp\/v2\/product"}],"about":[{"href":"https:\/\/francois-baranger.com\/en\/wp-json\/wp\/v2\/types\/product"}],"wp:featuredmedia":[{"embeddable":true,"href":"https:\/\/francois-baranger.com\/en\/wp-json\/wp\/v2\/media\/351"}],"wp:attachment":[{"href":"https:\/\/francois-baranger.com\/en\/wp-json\/wp\/v2\/media?parent=1326"}],"wp:term":[{"taxonomy":"product_brand","embeddable":true,"href":"https:\/\/francois-baranger.com\/en\/wp-json\/wp\/v2\/product_brand?post=1326"},{"taxonomy":"product_cat","embeddable":true,"href":"https:\/\/francois-baranger.com\/en\/wp-json\/wp\/v2\/product_cat?post=1326"},{"taxonomy":"product_tag","embeddable":true,"href":"https:\/\/francois-baranger.com\/en\/wp-json\/wp\/v2\/product_tag?post=1326"}],"curies":[{"name":"wp","href":"https:\/\/api.w.org\/{rel}","templated":true}]}}