{"id":1383,"date":"2025-11-04T18:01:19","date_gmt":"2025-11-04T17:01:19","guid":{"rendered":"https:\/\/shop.francois-baranger.com\/?post_type=product&#038;p=1383"},"modified":"2026-02-17T16:43:32","modified_gmt":"2026-02-17T15:43:32","slug":"ombre-sur-innsmouth","status":"publish","type":"product","link":"https:\/\/francois-baranger.com\/en\/product\/ombre-sur-innsmouth\/","title":{"rendered":"L\u2019ombre sur Innsmouth"},"content":{"rendered":"<p class=\"livres-langue\" style=\"border-style:none;border-width:0px;font-size:clamp(15.197px, 0.95rem + ((1vw - 3.2px) * 0.887), 23px);font-style:normal;font-weight:400;line-height:1\">(Version FRAN\u00c7AISE de &#8220;The Shadow over Innsmouth&#8221;)<\/p>\n\n\n\n<p class=\"livres-caracteristiques\" style=\"font-style:italic;font-weight:500\">64 pages &#8211; 27 x 35,8 cm<\/p>\n\n\n\n<p class=\"livre-resume\" style=\"margin-top:11px;margin-bottom:11px\">Fascinated by the history of New England, a young man embarks on a journey to the region's ancient cities. On his way to Arkham, he is offered a bus route that passes through Innsmouth, an isolated coastal town. The mere mention of this place seems to provoke a strong sense of revulsion among the inhabitants of neighbouring towns...<\/p>\n\n\n\n<p class=\"livre-texte-int\u00e9gral\" style=\"margin-top:11px;margin-bottom:11px;font-style:italic;font-weight:500\">Illustrated version by Fran\u00e7ois Baranger of Lovecraft's story. Full text.<\/p>\n\n\n\n<figure class=\"wp-block-gallery has-nested-images columns-5 is-cropped wp-block-gallery-1 is-layout-flex wp-block-gallery-is-layout-flex\" style=\"border-style:none;border-width:0px;border-radius:0px;margin-top:var(--wp--preset--spacing--20);margin-right:0;margin-bottom:var(--wp--preset--spacing--20);margin-left:0;padding-top:0;padding-right:0;padding-bottom:0;padding-left:0\">\n<figure class=\"wp-block-image size-medium\"><a href=\"https:\/\/shop.francois-baranger.com\/wp-content\/uploads\/2025\/11\/signed-books-fr-preview-innsmouth-1.jpg\" data-rel=\"lightbox-gallery-QaZZn8BA\" data-rl_title=\"\" data-rl_caption=\"\" title=\"\"><img decoding=\"async\" width=\"300\" height=\"225\" data-id=\"1436\" src=\"https:\/\/shop.francois-baranger.com\/wp-content\/uploads\/2025\/11\/signed-books-fr-preview-innsmouth-1-300x225.jpg\" alt=\"\" class=\"wp-image-1436\" srcset=\"https:\/\/francois-baranger.com\/wp-content\/uploads\/2025\/11\/signed-books-fr-preview-innsmouth-1-300x225.jpg 300w, https:\/\/francois-baranger.com\/wp-content\/uploads\/2025\/11\/signed-books-fr-preview-innsmouth-1-1024x768.jpg 1024w, https:\/\/francois-baranger.com\/wp-content\/uploads\/2025\/11\/signed-books-fr-preview-innsmouth-1-768x576.jpg 768w, https:\/\/francois-baranger.com\/wp-content\/uploads\/2025\/11\/signed-books-fr-preview-innsmouth-1-1536x1152.jpg 1536w, https:\/\/francois-baranger.com\/wp-content\/uploads\/2025\/11\/signed-books-fr-preview-innsmouth-1-16x12.jpg 16w, https:\/\/francois-baranger.com\/wp-content\/uploads\/2025\/11\/signed-books-fr-preview-innsmouth-1-190x143.jpg 190w, https:\/\/francois-baranger.com\/wp-content\/uploads\/2025\/11\/signed-books-fr-preview-innsmouth-1-600x450.jpg 600w, https:\/\/francois-baranger.com\/wp-content\/uploads\/2025\/11\/signed-books-fr-preview-innsmouth-1.jpg 1920w\" sizes=\"(max-width: 300px) 100vw, 300px\" \/><\/a><\/figure>\n\n\n\n<figure class=\"wp-block-image size-medium\"><a href=\"https:\/\/shop.francois-baranger.com\/wp-content\/uploads\/2025\/11\/signed-books-fr-preview-innsmouth-2.jpg\" data-rel=\"lightbox-gallery-QaZZn8BA\" data-rl_title=\"\" data-rl_caption=\"\" title=\"\"><img decoding=\"async\" width=\"300\" height=\"225\" data-id=\"1437\" src=\"https:\/\/shop.francois-baranger.com\/wp-content\/uploads\/2025\/11\/signed-books-fr-preview-innsmouth-2-300x225.jpg\" alt=\"\" class=\"wp-image-1437\" srcset=\"https:\/\/francois-baranger.com\/wp-content\/uploads\/2025\/11\/signed-books-fr-preview-innsmouth-2-300x225.jpg 300w, https:\/\/francois-baranger.com\/wp-content\/uploads\/2025\/11\/signed-books-fr-preview-innsmouth-2-1024x768.jpg 1024w, https:\/\/francois-baranger.com\/wp-content\/uploads\/2025\/11\/signed-books-fr-preview-innsmouth-2-768x576.jpg 768w, https:\/\/francois-baranger.com\/wp-content\/uploads\/2025\/11\/signed-books-fr-preview-innsmouth-2-1536x1152.jpg 1536w, https:\/\/francois-baranger.com\/wp-content\/uploads\/2025\/11\/signed-books-fr-preview-innsmouth-2-16x12.jpg 16w, https:\/\/francois-baranger.com\/wp-content\/uploads\/2025\/11\/signed-books-fr-preview-innsmouth-2-190x143.jpg 190w, https:\/\/francois-baranger.com\/wp-content\/uploads\/2025\/11\/signed-books-fr-preview-innsmouth-2-600x450.jpg 600w, https:\/\/francois-baranger.com\/wp-content\/uploads\/2025\/11\/signed-books-fr-preview-innsmouth-2.jpg 1920w\" sizes=\"(max-width: 300px) 100vw, 300px\" \/><\/a><\/figure>\n\n\n\n<figure class=\"wp-block-image size-medium\"><a href=\"https:\/\/shop.francois-baranger.com\/wp-content\/uploads\/2025\/11\/signed-books-fr-preview-innsmouth-3.jpg\" data-rel=\"lightbox-gallery-QaZZn8BA\" data-rl_title=\"\" data-rl_caption=\"\" title=\"\"><img decoding=\"async\" width=\"300\" height=\"225\" data-id=\"1438\" src=\"https:\/\/shop.francois-baranger.com\/wp-content\/uploads\/2025\/11\/signed-books-fr-preview-innsmouth-3-300x225.jpg\" alt=\"\" class=\"wp-image-1438\" srcset=\"https:\/\/francois-baranger.com\/wp-content\/uploads\/2025\/11\/signed-books-fr-preview-innsmouth-3-300x225.jpg 300w, https:\/\/francois-baranger.com\/wp-content\/uploads\/2025\/11\/signed-books-fr-preview-innsmouth-3-1024x768.jpg 1024w, https:\/\/francois-baranger.com\/wp-content\/uploads\/2025\/11\/signed-books-fr-preview-innsmouth-3-768x576.jpg 768w, https:\/\/francois-baranger.com\/wp-content\/uploads\/2025\/11\/signed-books-fr-preview-innsmouth-3-1536x1152.jpg 1536w, https:\/\/francois-baranger.com\/wp-content\/uploads\/2025\/11\/signed-books-fr-preview-innsmouth-3-16x12.jpg 16w, https:\/\/francois-baranger.com\/wp-content\/uploads\/2025\/11\/signed-books-fr-preview-innsmouth-3-190x143.jpg 190w, https:\/\/francois-baranger.com\/wp-content\/uploads\/2025\/11\/signed-books-fr-preview-innsmouth-3-600x450.jpg 600w, https:\/\/francois-baranger.com\/wp-content\/uploads\/2025\/11\/signed-books-fr-preview-innsmouth-3.jpg 1920w\" sizes=\"(max-width: 300px) 100vw, 300px\" \/><\/a><\/figure>\n\n\n\n<figure class=\"wp-block-image size-medium\"><a href=\"https:\/\/shop.francois-baranger.com\/wp-content\/uploads\/2025\/11\/Signed-books-FR-preview-Innsmouth-4-1.jpg\" data-rel=\"lightbox-gallery-QaZZn8BA\" data-rl_title=\"\" data-rl_caption=\"\" title=\"\"><img decoding=\"async\" width=\"300\" height=\"225\" data-id=\"1439\" src=\"https:\/\/shop.francois-baranger.com\/wp-content\/uploads\/2025\/11\/Signed-books-FR-preview-Innsmouth-4-1-300x225.jpg\" alt=\"\" class=\"wp-image-1439\" srcset=\"https:\/\/francois-baranger.com\/wp-content\/uploads\/2025\/11\/Signed-books-FR-preview-Innsmouth-4-1-300x225.jpg 300w, https:\/\/francois-baranger.com\/wp-content\/uploads\/2025\/11\/Signed-books-FR-preview-Innsmouth-4-1-1024x768.jpg 1024w, https:\/\/francois-baranger.com\/wp-content\/uploads\/2025\/11\/Signed-books-FR-preview-Innsmouth-4-1-768x576.jpg 768w, https:\/\/francois-baranger.com\/wp-content\/uploads\/2025\/11\/Signed-books-FR-preview-Innsmouth-4-1-1536x1152.jpg 1536w, https:\/\/francois-baranger.com\/wp-content\/uploads\/2025\/11\/Signed-books-FR-preview-Innsmouth-4-1-16x12.jpg 16w, https:\/\/francois-baranger.com\/wp-content\/uploads\/2025\/11\/Signed-books-FR-preview-Innsmouth-4-1-190x143.jpg 190w, https:\/\/francois-baranger.com\/wp-content\/uploads\/2025\/11\/Signed-books-FR-preview-Innsmouth-4-1-600x450.jpg 600w, https:\/\/francois-baranger.com\/wp-content\/uploads\/2025\/11\/Signed-books-FR-preview-Innsmouth-4-1.jpg 1920w\" sizes=\"(max-width: 300px) 100vw, 300px\" \/><\/a><\/figure>\n\n\n\n<figure class=\"wp-block-image size-medium\"><a href=\"https:\/\/shop.francois-baranger.com\/wp-content\/uploads\/2025\/11\/Signed-books-FR-preview-Innsmouth-5-1.jpg\" data-rel=\"lightbox-gallery-QaZZn8BA\" data-rl_title=\"\" data-rl_caption=\"\" title=\"\"><img decoding=\"async\" width=\"300\" height=\"225\" data-id=\"1440\" src=\"https:\/\/shop.francois-baranger.com\/wp-content\/uploads\/2025\/11\/Signed-books-FR-preview-Innsmouth-5-1-300x225.jpg\" alt=\"\" class=\"wp-image-1440\" srcset=\"https:\/\/francois-baranger.com\/wp-content\/uploads\/2025\/11\/Signed-books-FR-preview-Innsmouth-5-1-300x225.jpg 300w, https:\/\/francois-baranger.com\/wp-content\/uploads\/2025\/11\/Signed-books-FR-preview-Innsmouth-5-1-1024x768.jpg 1024w, https:\/\/francois-baranger.com\/wp-content\/uploads\/2025\/11\/Signed-books-FR-preview-Innsmouth-5-1-768x576.jpg 768w, https:\/\/francois-baranger.com\/wp-content\/uploads\/2025\/11\/Signed-books-FR-preview-Innsmouth-5-1-1536x1152.jpg 1536w, https:\/\/francois-baranger.com\/wp-content\/uploads\/2025\/11\/Signed-books-FR-preview-Innsmouth-5-1-16x12.jpg 16w, https:\/\/francois-baranger.com\/wp-content\/uploads\/2025\/11\/Signed-books-FR-preview-Innsmouth-5-1-190x143.jpg 190w, https:\/\/francois-baranger.com\/wp-content\/uploads\/2025\/11\/Signed-books-FR-preview-Innsmouth-5-1-600x450.jpg 600w, https:\/\/francois-baranger.com\/wp-content\/uploads\/2025\/11\/Signed-books-FR-preview-Innsmouth-5-1.jpg 1920w\" sizes=\"(max-width: 300px) 100vw, 300px\" \/><\/a><\/figure>\n<\/figure>\n\n\n\n<p style=\"margin-top:8px;margin-bottom:8px;font-style:italic;font-weight:300;line-height:1.2\">(For delivery times or any other questions, please consult the <a href=\"https:\/\/shop.francois-baranger.com\/faq\/\"><strong>FAQ <\/strong><\/a>or <strong><a href=\"https:\/\/shop.francois-baranger.com\/contact\/\">contact us<\/a><\/strong>.)<\/p>\n\n\n\n<hr class=\"wp-block-separator has-alpha-channel-opacity is-style-default\" style=\"margin-top:var(--wp--preset--spacing--30);margin-bottom:var(--wp--preset--spacing--30)\"\/>\n\n\n\n<h2 class=\"wp-block-heading\"><mark style=\"background-color:#c5d5d3\" class=\"has-inline-color\">Personalisation of the book by Fran\u00e7ois Baranger<\/mark><\/h2>\n\n\n\n<p style=\"margin-top:8px;margin-bottom:8px;font-style:normal;font-weight:500;text-decoration:underline\">The artist will add his personal stamp and write a personalised dedication:<\/p>\n\n\n\n<p style=\"margin-top:0px;margin-bottom:0px;line-height:1.2\">\u2013 Enter a first name, a name or a nickname in the box below (<strong>mandatory<\/strong>).<br>\u2013 If you would also like a specific phrase, you can write it here (French or English only).<\/p>","protected":false},"excerpt":{"rendered":"<p>(Version FRAN\u00c7AISE de &#8220;The Shadow over Innsmouth&#8221;) 64 pages &#8211; 27 x 35,8 cm F\u00e9ru de l\u2019histoire de la Nouvelle-Angleterre, un jeune homme entreprend un voyage dans les cit\u00e9s anciennes de la r\u00e9gion. En route pour Arkham, on lui propose d\u2019emprunter une ligne de bus passant par Innsmouth, une ville c\u00f4ti\u00e8re isol\u00e9e. La simple \u00e9vocation [&hellip;]<\/p>\n","protected":false},"featured_media":352,"template":"","meta":[],"product_brand":[],"product_cat":[18],"product_tag":[69],"class_list":{"0":"post-1383","1":"product","2":"type-product","3":"status-publish","4":"has-post-thumbnail","6":"product_cat-artbooks-signes","7":"product_tag-francais","8":"wcpa_has_options","10":"first","11":"instock","12":"sold-individually","13":"taxable","14":"shipping-taxable","15":"purchasable","16":"product-type-variable","17":"has-default-attributes"},"_links":{"self":[{"href":"https:\/\/francois-baranger.com\/en\/wp-json\/wp\/v2\/product\/1383","targetHints":{"allow":["GET"]}}],"collection":[{"href":"https:\/\/francois-baranger.com\/en\/wp-json\/wp\/v2\/product"}],"about":[{"href":"https:\/\/francois-baranger.com\/en\/wp-json\/wp\/v2\/types\/product"}],"wp:featuredmedia":[{"embeddable":true,"href":"https:\/\/francois-baranger.com\/en\/wp-json\/wp\/v2\/media\/352"}],"wp:attachment":[{"href":"https:\/\/francois-baranger.com\/en\/wp-json\/wp\/v2\/media?parent=1383"}],"wp:term":[{"taxonomy":"product_brand","embeddable":true,"href":"https:\/\/francois-baranger.com\/en\/wp-json\/wp\/v2\/product_brand?post=1383"},{"taxonomy":"product_cat","embeddable":true,"href":"https:\/\/francois-baranger.com\/en\/wp-json\/wp\/v2\/product_cat?post=1383"},{"taxonomy":"product_tag","embeddable":true,"href":"https:\/\/francois-baranger.com\/en\/wp-json\/wp\/v2\/product_tag?post=1383"}],"curies":[{"name":"wp","href":"https:\/\/api.w.org\/{rel}","templated":true}]}}