{"id":1520,"date":"2025-11-11T16:28:51","date_gmt":"2025-11-11T15:28:51","guid":{"rendered":"https:\/\/shop.francois-baranger.com\/?post_type=product&#038;p=1520"},"modified":"2026-02-17T16:55:01","modified_gmt":"2026-02-17T15:55:01","slug":"at-the-mountains-of-madness-1","status":"publish","type":"product","link":"https:\/\/francois-baranger.com\/en\/product\/at-the-mountains-of-madness-1\/","title":{"rendered":"At the Mountains of Madness, vol.1"},"content":{"rendered":"<p class=\"livres-langue\" style=\"border-style:none;border-width:0px;font-size:clamp(15.197px, 0.95rem + ((1vw - 3.2px) * 0.887), 23px);font-style:normal;font-weight:400;line-height:1\">(ENGLISH version of \"At the Mountains of Madness\" - vol.1)<\/p>\n\n\n\n<p class=\"livres-caracteristiques\" style=\"font-style:italic;font-weight:500\">64 pages &#8211; 27 x 35,6 cm<\/p>\n\n\n\n<p class=\"livre-resume\" style=\"margin-top:11px;margin-bottom:11px\">Arkham, 1933. Professor Dyer, an eminent geologist, learns that a scientific expedition will soon depart for Antarctica with the aim of following in the footsteps of the one he himself led in 1931. Hoping to dissuade them, Dyer decides to write a complete account of the tragic events he survived, this time without omitting the passages he had left out on his return, for fear of being taken for a madman.<\/p>\n\n\n\n<p class=\"livre-texte-int\u00e9gral\" style=\"margin-top:11px;margin-bottom:11px;font-style:italic;font-weight:500\">Illustrated version by Fran\u00e7ois Baranger of Lovecraft's story. Full text.<\/p>\n\n\n\n<figure class=\"wp-block-gallery has-nested-images columns-5 is-cropped wp-block-gallery-1 is-layout-flex wp-block-gallery-is-layout-flex\" style=\"border-style:none;border-width:0px;border-radius:0px;margin-top:var(--wp--preset--spacing--20);margin-right:0;margin-bottom:var(--wp--preset--spacing--20);margin-left:0;padding-top:0;padding-right:0;padding-bottom:0;padding-left:0\">\n<figure class=\"wp-block-image size-medium\"><a href=\"https:\/\/shop.francois-baranger.com\/wp-content\/uploads\/2025\/11\/signed-books-fr-preview-montagnes-t1-1.jpg\" data-rel=\"lightbox-gallery-CdvasABX\" data-rl_title=\"\" data-rl_caption=\"\" title=\"\"><img decoding=\"async\" width=\"300\" height=\"225\" data-id=\"1413\" src=\"https:\/\/shop.francois-baranger.com\/wp-content\/uploads\/2025\/11\/signed-books-fr-preview-montagnes-t1-1-300x225.jpg\" alt=\"\" class=\"wp-image-1413\" srcset=\"https:\/\/francois-baranger.com\/wp-content\/uploads\/2025\/11\/signed-books-fr-preview-montagnes-t1-1-300x225.jpg 300w, https:\/\/francois-baranger.com\/wp-content\/uploads\/2025\/11\/signed-books-fr-preview-montagnes-t1-1-1024x768.jpg 1024w, https:\/\/francois-baranger.com\/wp-content\/uploads\/2025\/11\/signed-books-fr-preview-montagnes-t1-1-768x576.jpg 768w, https:\/\/francois-baranger.com\/wp-content\/uploads\/2025\/11\/signed-books-fr-preview-montagnes-t1-1-1536x1152.jpg 1536w, https:\/\/francois-baranger.com\/wp-content\/uploads\/2025\/11\/signed-books-fr-preview-montagnes-t1-1-16x12.jpg 16w, https:\/\/francois-baranger.com\/wp-content\/uploads\/2025\/11\/signed-books-fr-preview-montagnes-t1-1-190x143.jpg 190w, https:\/\/francois-baranger.com\/wp-content\/uploads\/2025\/11\/signed-books-fr-preview-montagnes-t1-1-600x450.jpg 600w, https:\/\/francois-baranger.com\/wp-content\/uploads\/2025\/11\/signed-books-fr-preview-montagnes-t1-1.jpg 1920w\" sizes=\"(max-width: 300px) 100vw, 300px\" \/><\/a><\/figure>\n\n\n\n<figure class=\"wp-block-image size-medium\"><a href=\"https:\/\/shop.francois-baranger.com\/wp-content\/uploads\/2025\/11\/signed-books-fr-preview-montagnes-t1-2.jpg\" data-rel=\"lightbox-gallery-CdvasABX\" data-rl_title=\"\" data-rl_caption=\"\" title=\"\"><img decoding=\"async\" width=\"300\" height=\"225\" data-id=\"1414\" src=\"https:\/\/shop.francois-baranger.com\/wp-content\/uploads\/2025\/11\/signed-books-fr-preview-montagnes-t1-2-300x225.jpg\" alt=\"\" class=\"wp-image-1414\" srcset=\"https:\/\/francois-baranger.com\/wp-content\/uploads\/2025\/11\/signed-books-fr-preview-montagnes-t1-2-300x225.jpg 300w, https:\/\/francois-baranger.com\/wp-content\/uploads\/2025\/11\/signed-books-fr-preview-montagnes-t1-2-1024x768.jpg 1024w, https:\/\/francois-baranger.com\/wp-content\/uploads\/2025\/11\/signed-books-fr-preview-montagnes-t1-2-768x576.jpg 768w, https:\/\/francois-baranger.com\/wp-content\/uploads\/2025\/11\/signed-books-fr-preview-montagnes-t1-2-1536x1152.jpg 1536w, https:\/\/francois-baranger.com\/wp-content\/uploads\/2025\/11\/signed-books-fr-preview-montagnes-t1-2-16x12.jpg 16w, https:\/\/francois-baranger.com\/wp-content\/uploads\/2025\/11\/signed-books-fr-preview-montagnes-t1-2-190x143.jpg 190w, https:\/\/francois-baranger.com\/wp-content\/uploads\/2025\/11\/signed-books-fr-preview-montagnes-t1-2.jpg 1920w\" sizes=\"(max-width: 300px) 100vw, 300px\" \/><\/a><\/figure>\n\n\n\n<figure class=\"wp-block-image size-medium\"><a href=\"https:\/\/shop.francois-baranger.com\/wp-content\/uploads\/2025\/11\/signed-books-fr-preview-montagnes-t1-3.jpg\" data-rel=\"lightbox-gallery-CdvasABX\" data-rl_title=\"\" data-rl_caption=\"\" title=\"\"><img decoding=\"async\" width=\"300\" height=\"225\" data-id=\"1415\" src=\"https:\/\/shop.francois-baranger.com\/wp-content\/uploads\/2025\/11\/signed-books-fr-preview-montagnes-t1-3-300x225.jpg\" alt=\"\" class=\"wp-image-1415\" srcset=\"https:\/\/francois-baranger.com\/wp-content\/uploads\/2025\/11\/signed-books-fr-preview-montagnes-t1-3-300x225.jpg 300w, https:\/\/francois-baranger.com\/wp-content\/uploads\/2025\/11\/signed-books-fr-preview-montagnes-t1-3-1024x768.jpg 1024w, https:\/\/francois-baranger.com\/wp-content\/uploads\/2025\/11\/signed-books-fr-preview-montagnes-t1-3-768x576.jpg 768w, https:\/\/francois-baranger.com\/wp-content\/uploads\/2025\/11\/signed-books-fr-preview-montagnes-t1-3-1536x1152.jpg 1536w, https:\/\/francois-baranger.com\/wp-content\/uploads\/2025\/11\/signed-books-fr-preview-montagnes-t1-3-16x12.jpg 16w, https:\/\/francois-baranger.com\/wp-content\/uploads\/2025\/11\/signed-books-fr-preview-montagnes-t1-3-190x143.jpg 190w, https:\/\/francois-baranger.com\/wp-content\/uploads\/2025\/11\/signed-books-fr-preview-montagnes-t1-3-600x450.jpg 600w, https:\/\/francois-baranger.com\/wp-content\/uploads\/2025\/11\/signed-books-fr-preview-montagnes-t1-3.jpg 1920w\" sizes=\"(max-width: 300px) 100vw, 300px\" \/><\/a><\/figure>\n\n\n\n<figure class=\"wp-block-image size-medium\"><a href=\"https:\/\/shop.francois-baranger.com\/wp-content\/uploads\/2025\/11\/signed-books-fr-preview-montagnes-t1-4-1.jpg\" data-rel=\"lightbox-gallery-CdvasABX\" data-rl_title=\"\" data-rl_caption=\"\" title=\"\"><img decoding=\"async\" width=\"300\" height=\"225\" data-id=\"1416\" src=\"https:\/\/shop.francois-baranger.com\/wp-content\/uploads\/2025\/11\/signed-books-fr-preview-montagnes-t1-4-1-300x225.jpg\" alt=\"\" class=\"wp-image-1416\" srcset=\"https:\/\/francois-baranger.com\/wp-content\/uploads\/2025\/11\/signed-books-fr-preview-montagnes-t1-4-1-300x225.jpg 300w, https:\/\/francois-baranger.com\/wp-content\/uploads\/2025\/11\/signed-books-fr-preview-montagnes-t1-4-1-1024x768.jpg 1024w, https:\/\/francois-baranger.com\/wp-content\/uploads\/2025\/11\/signed-books-fr-preview-montagnes-t1-4-1-768x576.jpg 768w, https:\/\/francois-baranger.com\/wp-content\/uploads\/2025\/11\/signed-books-fr-preview-montagnes-t1-4-1-1536x1152.jpg 1536w, https:\/\/francois-baranger.com\/wp-content\/uploads\/2025\/11\/signed-books-fr-preview-montagnes-t1-4-1-16x12.jpg 16w, https:\/\/francois-baranger.com\/wp-content\/uploads\/2025\/11\/signed-books-fr-preview-montagnes-t1-4-1-190x143.jpg 190w, https:\/\/francois-baranger.com\/wp-content\/uploads\/2025\/11\/signed-books-fr-preview-montagnes-t1-4-1-600x450.jpg 600w, https:\/\/francois-baranger.com\/wp-content\/uploads\/2025\/11\/signed-books-fr-preview-montagnes-t1-4-1.jpg 1920w\" sizes=\"(max-width: 300px) 100vw, 300px\" \/><\/a><\/figure>\n\n\n\n<figure class=\"wp-block-image size-medium\"><a href=\"https:\/\/shop.francois-baranger.com\/wp-content\/uploads\/2025\/11\/Signed-books-FR-preview-Montagnes-T1-5-1.jpg\" data-rel=\"lightbox-gallery-CdvasABX\" data-rl_title=\"\" data-rl_caption=\"\" title=\"\"><img decoding=\"async\" width=\"300\" height=\"225\" data-id=\"1417\" src=\"https:\/\/shop.francois-baranger.com\/wp-content\/uploads\/2025\/11\/Signed-books-FR-preview-Montagnes-T1-5-1-300x225.jpg\" alt=\"\" class=\"wp-image-1417\" srcset=\"https:\/\/francois-baranger.com\/wp-content\/uploads\/2025\/11\/Signed-books-FR-preview-Montagnes-T1-5-1-300x225.jpg 300w, https:\/\/francois-baranger.com\/wp-content\/uploads\/2025\/11\/Signed-books-FR-preview-Montagnes-T1-5-1-1024x768.jpg 1024w, https:\/\/francois-baranger.com\/wp-content\/uploads\/2025\/11\/Signed-books-FR-preview-Montagnes-T1-5-1-768x576.jpg 768w, https:\/\/francois-baranger.com\/wp-content\/uploads\/2025\/11\/Signed-books-FR-preview-Montagnes-T1-5-1-1536x1152.jpg 1536w, https:\/\/francois-baranger.com\/wp-content\/uploads\/2025\/11\/Signed-books-FR-preview-Montagnes-T1-5-1-16x12.jpg 16w, https:\/\/francois-baranger.com\/wp-content\/uploads\/2025\/11\/Signed-books-FR-preview-Montagnes-T1-5-1-190x143.jpg 190w, https:\/\/francois-baranger.com\/wp-content\/uploads\/2025\/11\/Signed-books-FR-preview-Montagnes-T1-5-1-600x450.jpg 600w, https:\/\/francois-baranger.com\/wp-content\/uploads\/2025\/11\/Signed-books-FR-preview-Montagnes-T1-5-1.jpg 1920w\" sizes=\"(max-width: 300px) 100vw, 300px\" \/><\/a><\/figure>\n<\/figure>\n\n\n\n<p style=\"margin-top:8px;margin-bottom:8px;font-style:italic;font-weight:300;line-height:1.2\">(For delivery times or any other questions, please consult the <a href=\"https:\/\/shop.francois-baranger.com\/faq\/\"><strong>FAQ <\/strong><\/a>or <strong><a href=\"https:\/\/shop.francois-baranger.com\/contact\/\">contact us<\/a><\/strong>.)<\/p>\n\n\n\n<hr class=\"wp-block-separator has-alpha-channel-opacity is-style-default\" style=\"margin-top:var(--wp--preset--spacing--30);margin-bottom:var(--wp--preset--spacing--30)\"\/>\n\n\n\n<h2 class=\"wp-block-heading\"><mark style=\"background-color:#c5d5d3\" class=\"has-inline-color\">Personalisation of the book by Fran\u00e7ois Baranger<\/mark><\/h2>\n\n\n\n<p style=\"margin-top:8px;margin-bottom:8px;font-style:normal;font-weight:500;text-decoration:underline\">The artist will add his personal stamp and write a personalised dedication:<\/p>\n\n\n\n<p style=\"margin-top:0px;margin-bottom:0px;line-height:1.2\">\u2013 Enter a first name, a name or a nickname in the box below (<strong>mandatory<\/strong>).<br>\u2013 If you would also like a specific phrase, you can write it here (French or English only).<\/p>","protected":false},"excerpt":{"rendered":"<p>(Version ANGLAISE de &#8220;Les montagnes hallucin\u00e9es&#8221; &#8211; vol.1) 64 pages &#8211; 27 x 35,6 cm Arkham, 1933. Le professeur Dyer, \u00e9minent g\u00e9ologue, apprend qu\u2019une exp\u00e9dition scientifique partira bient\u00f4t pour l\u2019Antarctique avec pour ambition de suivre les traces de celle qu\u2019il avait lui-m\u00eame dirig\u00e9e en 1931. Dans l\u2019espoir de dissuader cette tentative, Dyer d\u00e9cide de faire [&hellip;]<\/p>\n","protected":false},"featured_media":341,"template":"","meta":[],"product_brand":[],"product_cat":[18],"product_tag":[70],"class_list":{"0":"post-1520","1":"product","2":"type-product","3":"status-publish","4":"has-post-thumbnail","6":"product_cat-artbooks-signes","7":"product_tag-anglais","8":"wcpa_has_options","10":"first","11":"instock","12":"sold-individually","13":"taxable","14":"shipping-taxable","15":"purchasable","16":"product-type-variable","17":"has-default-attributes"},"_links":{"self":[{"href":"https:\/\/francois-baranger.com\/en\/wp-json\/wp\/v2\/product\/1520","targetHints":{"allow":["GET"]}}],"collection":[{"href":"https:\/\/francois-baranger.com\/en\/wp-json\/wp\/v2\/product"}],"about":[{"href":"https:\/\/francois-baranger.com\/en\/wp-json\/wp\/v2\/types\/product"}],"wp:featuredmedia":[{"embeddable":true,"href":"https:\/\/francois-baranger.com\/en\/wp-json\/wp\/v2\/media\/341"}],"wp:attachment":[{"href":"https:\/\/francois-baranger.com\/en\/wp-json\/wp\/v2\/media?parent=1520"}],"wp:term":[{"taxonomy":"product_brand","embeddable":true,"href":"https:\/\/francois-baranger.com\/en\/wp-json\/wp\/v2\/product_brand?post=1520"},{"taxonomy":"product_cat","embeddable":true,"href":"https:\/\/francois-baranger.com\/en\/wp-json\/wp\/v2\/product_cat?post=1520"},{"taxonomy":"product_tag","embeddable":true,"href":"https:\/\/francois-baranger.com\/en\/wp-json\/wp\/v2\/product_tag?post=1520"}],"curies":[{"name":"wp","href":"https:\/\/api.w.org\/{rel}","templated":true}]}}