{"id":1539,"date":"2025-11-11T16:36:09","date_gmt":"2025-11-11T15:36:09","guid":{"rendered":"https:\/\/shop.francois-baranger.com\/?post_type=product&#038;p=1539"},"modified":"2026-02-17T16:53:18","modified_gmt":"2026-02-17T15:53:18","slug":"at-the-mountains-of-madness-2","status":"publish","type":"product","link":"https:\/\/francois-baranger.com\/en\/product\/at-the-mountains-of-madness-2\/","title":{"rendered":"At the Mountains of Madness, vol.2"},"content":{"rendered":"<p class=\"livres-langue\" style=\"border-style:none;border-width:0px;font-size:clamp(15.197px, 0.95rem + ((1vw - 3.2px) * 0.887), 23px);font-style:normal;font-weight:400;line-height:1\">(ENGLISH version of \"At the Mountains of Madness\" - vol.2)<\/p>\n\n\n\n<p class=\"livres-caracteristiques\" style=\"font-style:italic;font-weight:500\">64 pages &#8211; 27 x 35,6 cm<\/p>\n\n\n\n<p class=\"livre-resume\" style=\"margin-top:11px;margin-bottom:11px\">After landing in the unknown city, Dyer and Danforth entered the underground section to conduct preliminary explorations, driven by scientific curiosity and the will to find the young Gedney. Beneath the ice, they discovered a gigantic stone labyrinth, untouched since the dawn of time, where countless bas-reliefs depicted the civilisation that once lived there, from its heyday to its decline. But perhaps not everything is dead in these ruins...<\/p>\n\n\n\n<p class=\"livre-texte-int\u00e9gral\" style=\"margin-top:11px;margin-bottom:11px;font-style:italic;font-weight:500\">Illustrated version by Fran\u00e7ois Baranger of Lovecraft's story. Full text.<\/p>\n\n\n\n<figure class=\"wp-block-gallery has-nested-images columns-5 is-cropped wp-block-gallery-1 is-layout-flex wp-block-gallery-is-layout-flex\" style=\"border-style:none;border-width:0px;border-radius:0px;margin-top:var(--wp--preset--spacing--20);margin-right:0;margin-bottom:var(--wp--preset--spacing--20);margin-left:0;padding-top:0;padding-right:0;padding-bottom:0;padding-left:0\">\n<figure class=\"wp-block-image size-medium\"><a href=\"https:\/\/shop.francois-baranger.com\/wp-content\/uploads\/2025\/11\/signed-books-fr-preview-montagnes-t2-1.jpg\" data-rel=\"lightbox-gallery-UEgjKIQX\" data-rl_title=\"\" data-rl_caption=\"\" title=\"\"><img decoding=\"async\" width=\"300\" height=\"225\" data-id=\"1418\" src=\"https:\/\/shop.francois-baranger.com\/wp-content\/uploads\/2025\/11\/signed-books-fr-preview-montagnes-t2-1-300x225.jpg\" alt=\"\" class=\"wp-image-1418\" srcset=\"https:\/\/francois-baranger.com\/wp-content\/uploads\/2025\/11\/signed-books-fr-preview-montagnes-t2-1-300x225.jpg 300w, https:\/\/francois-baranger.com\/wp-content\/uploads\/2025\/11\/signed-books-fr-preview-montagnes-t2-1-1024x768.jpg 1024w, https:\/\/francois-baranger.com\/wp-content\/uploads\/2025\/11\/signed-books-fr-preview-montagnes-t2-1-768x576.jpg 768w, https:\/\/francois-baranger.com\/wp-content\/uploads\/2025\/11\/signed-books-fr-preview-montagnes-t2-1-1536x1152.jpg 1536w, https:\/\/francois-baranger.com\/wp-content\/uploads\/2025\/11\/signed-books-fr-preview-montagnes-t2-1-16x12.jpg 16w, https:\/\/francois-baranger.com\/wp-content\/uploads\/2025\/11\/signed-books-fr-preview-montagnes-t2-1-190x143.jpg 190w, https:\/\/francois-baranger.com\/wp-content\/uploads\/2025\/11\/signed-books-fr-preview-montagnes-t2-1-600x450.jpg 600w, https:\/\/francois-baranger.com\/wp-content\/uploads\/2025\/11\/signed-books-fr-preview-montagnes-t2-1.jpg 1920w\" sizes=\"(max-width: 300px) 100vw, 300px\" \/><\/a><\/figure>\n\n\n\n<figure class=\"wp-block-image size-medium\"><a href=\"https:\/\/shop.francois-baranger.com\/wp-content\/uploads\/2025\/11\/signed-books-fr-preview-montagnes-t2-2.jpg\" data-rel=\"lightbox-gallery-UEgjKIQX\" data-rl_title=\"\" data-rl_caption=\"\" title=\"\"><img decoding=\"async\" width=\"300\" height=\"225\" data-id=\"1419\" src=\"https:\/\/shop.francois-baranger.com\/wp-content\/uploads\/2025\/11\/signed-books-fr-preview-montagnes-t2-2-300x225.jpg\" alt=\"\" class=\"wp-image-1419\" srcset=\"https:\/\/francois-baranger.com\/wp-content\/uploads\/2025\/11\/signed-books-fr-preview-montagnes-t2-2-300x225.jpg 300w, https:\/\/francois-baranger.com\/wp-content\/uploads\/2025\/11\/signed-books-fr-preview-montagnes-t2-2-1024x768.jpg 1024w, https:\/\/francois-baranger.com\/wp-content\/uploads\/2025\/11\/signed-books-fr-preview-montagnes-t2-2-768x576.jpg 768w, https:\/\/francois-baranger.com\/wp-content\/uploads\/2025\/11\/signed-books-fr-preview-montagnes-t2-2-1536x1152.jpg 1536w, https:\/\/francois-baranger.com\/wp-content\/uploads\/2025\/11\/signed-books-fr-preview-montagnes-t2-2-16x12.jpg 16w, https:\/\/francois-baranger.com\/wp-content\/uploads\/2025\/11\/signed-books-fr-preview-montagnes-t2-2-190x143.jpg 190w, https:\/\/francois-baranger.com\/wp-content\/uploads\/2025\/11\/signed-books-fr-preview-montagnes-t2-2-600x450.jpg 600w, https:\/\/francois-baranger.com\/wp-content\/uploads\/2025\/11\/signed-books-fr-preview-montagnes-t2-2.jpg 1920w\" sizes=\"(max-width: 300px) 100vw, 300px\" \/><\/a><\/figure>\n\n\n\n<figure class=\"wp-block-image size-medium\"><a href=\"https:\/\/shop.francois-baranger.com\/wp-content\/uploads\/2025\/11\/signed-books-fr-preview-montagnes-t2-3.jpg\" data-rel=\"lightbox-gallery-UEgjKIQX\" data-rl_title=\"\" data-rl_caption=\"\" title=\"\"><img decoding=\"async\" width=\"300\" height=\"225\" data-id=\"1420\" src=\"https:\/\/shop.francois-baranger.com\/wp-content\/uploads\/2025\/11\/signed-books-fr-preview-montagnes-t2-3-300x225.jpg\" alt=\"\" class=\"wp-image-1420\" srcset=\"https:\/\/francois-baranger.com\/wp-content\/uploads\/2025\/11\/signed-books-fr-preview-montagnes-t2-3-300x225.jpg 300w, https:\/\/francois-baranger.com\/wp-content\/uploads\/2025\/11\/signed-books-fr-preview-montagnes-t2-3-1024x768.jpg 1024w, https:\/\/francois-baranger.com\/wp-content\/uploads\/2025\/11\/signed-books-fr-preview-montagnes-t2-3-768x576.jpg 768w, https:\/\/francois-baranger.com\/wp-content\/uploads\/2025\/11\/signed-books-fr-preview-montagnes-t2-3-1536x1152.jpg 1536w, https:\/\/francois-baranger.com\/wp-content\/uploads\/2025\/11\/signed-books-fr-preview-montagnes-t2-3-16x12.jpg 16w, https:\/\/francois-baranger.com\/wp-content\/uploads\/2025\/11\/signed-books-fr-preview-montagnes-t2-3-190x143.jpg 190w, https:\/\/francois-baranger.com\/wp-content\/uploads\/2025\/11\/signed-books-fr-preview-montagnes-t2-3-600x450.jpg 600w, https:\/\/francois-baranger.com\/wp-content\/uploads\/2025\/11\/signed-books-fr-preview-montagnes-t2-3.jpg 1920w\" sizes=\"(max-width: 300px) 100vw, 300px\" \/><\/a><\/figure>\n\n\n\n<figure class=\"wp-block-image size-medium\"><a href=\"https:\/\/shop.francois-baranger.com\/wp-content\/uploads\/2025\/11\/signed-books-fr-preview-montagnes-t2-4.jpg\" data-rel=\"lightbox-gallery-UEgjKIQX\" data-rl_title=\"\" data-rl_caption=\"\" title=\"\"><img decoding=\"async\" width=\"300\" height=\"225\" data-id=\"1421\" src=\"https:\/\/shop.francois-baranger.com\/wp-content\/uploads\/2025\/11\/signed-books-fr-preview-montagnes-t2-4-300x225.jpg\" alt=\"\" class=\"wp-image-1421\" srcset=\"https:\/\/francois-baranger.com\/wp-content\/uploads\/2025\/11\/signed-books-fr-preview-montagnes-t2-4-300x225.jpg 300w, https:\/\/francois-baranger.com\/wp-content\/uploads\/2025\/11\/signed-books-fr-preview-montagnes-t2-4-1024x768.jpg 1024w, https:\/\/francois-baranger.com\/wp-content\/uploads\/2025\/11\/signed-books-fr-preview-montagnes-t2-4-768x576.jpg 768w, https:\/\/francois-baranger.com\/wp-content\/uploads\/2025\/11\/signed-books-fr-preview-montagnes-t2-4-1536x1152.jpg 1536w, https:\/\/francois-baranger.com\/wp-content\/uploads\/2025\/11\/signed-books-fr-preview-montagnes-t2-4-16x12.jpg 16w, https:\/\/francois-baranger.com\/wp-content\/uploads\/2025\/11\/signed-books-fr-preview-montagnes-t2-4-190x143.jpg 190w, https:\/\/francois-baranger.com\/wp-content\/uploads\/2025\/11\/signed-books-fr-preview-montagnes-t2-4-600x450.jpg 600w, https:\/\/francois-baranger.com\/wp-content\/uploads\/2025\/11\/signed-books-fr-preview-montagnes-t2-4.jpg 1920w\" sizes=\"(max-width: 300px) 100vw, 300px\" \/><\/a><\/figure>\n\n\n\n<figure class=\"wp-block-image size-medium\"><a href=\"https:\/\/shop.francois-baranger.com\/wp-content\/uploads\/2025\/11\/signed-books-fr-preview-montagnes-t2-5-1.jpg\" data-rel=\"lightbox-gallery-UEgjKIQX\" data-rl_title=\"\" data-rl_caption=\"\" title=\"\"><img decoding=\"async\" width=\"300\" height=\"225\" data-id=\"1422\" src=\"https:\/\/shop.francois-baranger.com\/wp-content\/uploads\/2025\/11\/signed-books-fr-preview-montagnes-t2-5-1-300x225.jpg\" alt=\"\" class=\"wp-image-1422\" srcset=\"https:\/\/francois-baranger.com\/wp-content\/uploads\/2025\/11\/signed-books-fr-preview-montagnes-t2-5-1-300x225.jpg 300w, https:\/\/francois-baranger.com\/wp-content\/uploads\/2025\/11\/signed-books-fr-preview-montagnes-t2-5-1-1024x768.jpg 1024w, https:\/\/francois-baranger.com\/wp-content\/uploads\/2025\/11\/signed-books-fr-preview-montagnes-t2-5-1-768x576.jpg 768w, https:\/\/francois-baranger.com\/wp-content\/uploads\/2025\/11\/signed-books-fr-preview-montagnes-t2-5-1-1536x1152.jpg 1536w, https:\/\/francois-baranger.com\/wp-content\/uploads\/2025\/11\/signed-books-fr-preview-montagnes-t2-5-1-16x12.jpg 16w, https:\/\/francois-baranger.com\/wp-content\/uploads\/2025\/11\/signed-books-fr-preview-montagnes-t2-5-1-190x143.jpg 190w, https:\/\/francois-baranger.com\/wp-content\/uploads\/2025\/11\/signed-books-fr-preview-montagnes-t2-5-1-600x450.jpg 600w, https:\/\/francois-baranger.com\/wp-content\/uploads\/2025\/11\/signed-books-fr-preview-montagnes-t2-5-1.jpg 1920w\" sizes=\"(max-width: 300px) 100vw, 300px\" \/><\/a><\/figure>\n<\/figure>\n\n\n\n<p style=\"margin-top:8px;margin-bottom:8px;font-style:italic;font-weight:300;line-height:1.2\">(For delivery times or any other questions, please consult the <a href=\"https:\/\/shop.francois-baranger.com\/faq\/\"><strong>FAQ <\/strong><\/a>or <strong><a href=\"https:\/\/shop.francois-baranger.com\/contact\/\">contact us<\/a><\/strong>.)<\/p>\n\n\n\n<hr class=\"wp-block-separator has-alpha-channel-opacity is-style-default\" style=\"margin-top:var(--wp--preset--spacing--30);margin-bottom:var(--wp--preset--spacing--30)\"\/>\n\n\n\n<h2 class=\"wp-block-heading\"><mark style=\"background-color:#c5d5d3\" class=\"has-inline-color\">Personalisation of the book by Fran\u00e7ois Baranger<\/mark><\/h2>\n\n\n\n<p style=\"margin-top:8px;margin-bottom:8px;font-style:normal;font-weight:500;text-decoration:underline\">The artist will add his personal stamp and write a personalised dedication:<\/p>\n\n\n\n<p style=\"margin-top:0px;margin-bottom:0px;line-height:1.2\">\u2013 Enter a first name, a name or a nickname in the box below (<strong>mandatory<\/strong>).<br>\u2013 If you would also like a specific phrase, you can write it here (French or English only).<\/p>\n\n\n\n<p><\/p>","protected":false},"excerpt":{"rendered":"<p>(Version ANGLAISE de &#8220;Les montagnes hallucin\u00e9es&#8221; &#8211; vol.2) 64 pages &#8211; 27 x 35,6 cm Apr\u00e8s avoir atterri dans la cit\u00e9 inconnue, Dyer et Danforth ont p\u00e9n\u00e9tr\u00e9 dans la partie souterraine afin d\u2019y mener des explorations pr\u00e9liminaires, pouss\u00e9s par la curiosit\u00e9 scientifique ainsi que la volont\u00e9 de retrouver le jeune Gedney. Sous la glace, ils [&hellip;]<\/p>\n","protected":false},"featured_media":342,"template":"","meta":[],"product_brand":[],"product_cat":[18],"product_tag":[70],"class_list":{"0":"post-1539","1":"product","2":"type-product","3":"status-publish","4":"has-post-thumbnail","6":"product_cat-artbooks-signes","7":"product_tag-anglais","8":"wcpa_has_options","10":"first","11":"instock","12":"sold-individually","13":"taxable","14":"shipping-taxable","15":"purchasable","16":"product-type-variable","17":"has-default-attributes"},"_links":{"self":[{"href":"https:\/\/francois-baranger.com\/en\/wp-json\/wp\/v2\/product\/1539","targetHints":{"allow":["GET"]}}],"collection":[{"href":"https:\/\/francois-baranger.com\/en\/wp-json\/wp\/v2\/product"}],"about":[{"href":"https:\/\/francois-baranger.com\/en\/wp-json\/wp\/v2\/types\/product"}],"wp:featuredmedia":[{"embeddable":true,"href":"https:\/\/francois-baranger.com\/en\/wp-json\/wp\/v2\/media\/342"}],"wp:attachment":[{"href":"https:\/\/francois-baranger.com\/en\/wp-json\/wp\/v2\/media?parent=1539"}],"wp:term":[{"taxonomy":"product_brand","embeddable":true,"href":"https:\/\/francois-baranger.com\/en\/wp-json\/wp\/v2\/product_brand?post=1539"},{"taxonomy":"product_cat","embeddable":true,"href":"https:\/\/francois-baranger.com\/en\/wp-json\/wp\/v2\/product_cat?post=1539"},{"taxonomy":"product_tag","embeddable":true,"href":"https:\/\/francois-baranger.com\/en\/wp-json\/wp\/v2\/product_tag?post=1539"}],"curies":[{"name":"wp","href":"https:\/\/api.w.org\/{rel}","templated":true}]}}