{"id":1558,"date":"2025-11-11T16:38:30","date_gmt":"2025-11-11T15:38:30","guid":{"rendered":"https:\/\/shop.francois-baranger.com\/?post_type=product&#038;p=1558"},"modified":"2026-02-17T16:56:54","modified_gmt":"2026-02-17T15:56:54","slug":"the-dunwich-horror","status":"publish","type":"product","link":"https:\/\/francois-baranger.com\/en\/product\/the-dunwich-horror\/","title":{"rendered":"The Dunwich Horror"},"content":{"rendered":"<p class=\"livres-langue\" style=\"border-style:none;border-width:0px;font-size:clamp(15.197px, 0.95rem + ((1vw - 3.2px) * 0.887), 23px);font-style:normal;font-weight:400;line-height:1\">(ENGLISH version of \"The Dunwich Horror\")<\/p>\n\n\n\n<p class=\"livres-caracteristiques\" style=\"font-style:italic;font-weight:500\">64 pages &#8211; 27 x 35,6 cm<\/p>\n\n\n\n<p class=\"livre-resume\" style=\"margin-top:11px;margin-bottom:11px\">On an isolated farm in the Dunwich area, a remote village in Massachusetts, Lavinia Whateley, a simple-minded albino, gives birth to a child whose father is unknown. Old Whateley, Lavinia's father, rumoured to be a sorcerer, raises his grandson, arousing the suspicion of the local residents, who are frightened by the child's abnormally rapid growth and repulsive features...<\/p>\n\n\n\n<p class=\"livre-texte-int\u00e9gral\" style=\"margin-top:11px;margin-bottom:11px;font-style:italic;font-weight:500\">Illustrated version by Fran\u00e7ois Baranger of Lovecraft's story. Full text.<\/p>\n\n\n\n<figure class=\"wp-block-gallery has-nested-images columns-5 is-cropped wp-block-gallery-1 is-layout-flex wp-block-gallery-is-layout-flex\" style=\"border-style:none;border-width:0px;border-radius:0px;margin-top:var(--wp--preset--spacing--20);margin-right:0;margin-bottom:var(--wp--preset--spacing--20);margin-left:0;padding-top:0;padding-right:0;padding-bottom:0;padding-left:0\">\n<figure class=\"wp-block-image size-medium\"><a href=\"https:\/\/shop.francois-baranger.com\/wp-content\/uploads\/2025\/10\/Signed-books-FR-preview-Dunwich-1.jpg\" data-rel=\"lightbox-gallery-XMIV0pTw\" data-rl_title=\"\" data-rl_caption=\"\" title=\"\"><img decoding=\"async\" width=\"300\" height=\"225\" data-id=\"1182\" src=\"https:\/\/shop.francois-baranger.com\/wp-content\/uploads\/2025\/10\/Signed-books-FR-preview-Dunwich-1-300x225.jpg\" alt=\"\" class=\"wp-image-1182\" srcset=\"https:\/\/francois-baranger.com\/wp-content\/uploads\/2025\/10\/Signed-books-FR-preview-Dunwich-1-300x225.jpg 300w, https:\/\/francois-baranger.com\/wp-content\/uploads\/2025\/10\/Signed-books-FR-preview-Dunwich-1-1024x768.jpg 1024w, https:\/\/francois-baranger.com\/wp-content\/uploads\/2025\/10\/Signed-books-FR-preview-Dunwich-1-768x576.jpg 768w, https:\/\/francois-baranger.com\/wp-content\/uploads\/2025\/10\/Signed-books-FR-preview-Dunwich-1-1536x1152.jpg 1536w, https:\/\/francois-baranger.com\/wp-content\/uploads\/2025\/10\/Signed-books-FR-preview-Dunwich-1-16x12.jpg 16w, https:\/\/francois-baranger.com\/wp-content\/uploads\/2025\/10\/Signed-books-FR-preview-Dunwich-1-190x143.jpg 190w, https:\/\/francois-baranger.com\/wp-content\/uploads\/2025\/10\/Signed-books-FR-preview-Dunwich-1-600x450.jpg 600w, https:\/\/francois-baranger.com\/wp-content\/uploads\/2025\/10\/Signed-books-FR-preview-Dunwich-1.jpg 1920w\" sizes=\"(max-width: 300px) 100vw, 300px\" \/><\/a><\/figure>\n\n\n\n<figure class=\"wp-block-image size-medium\"><a href=\"https:\/\/shop.francois-baranger.com\/wp-content\/uploads\/2025\/10\/Signed-books-FR-preview-Dunwich-2.jpg\" data-rel=\"lightbox-gallery-XMIV0pTw\" data-rl_title=\"\" data-rl_caption=\"\" title=\"\"><img decoding=\"async\" width=\"300\" height=\"225\" data-id=\"1183\" src=\"https:\/\/shop.francois-baranger.com\/wp-content\/uploads\/2025\/10\/Signed-books-FR-preview-Dunwich-2-300x225.jpg\" alt=\"\" class=\"wp-image-1183\" srcset=\"https:\/\/francois-baranger.com\/wp-content\/uploads\/2025\/10\/Signed-books-FR-preview-Dunwich-2-300x225.jpg 300w, https:\/\/francois-baranger.com\/wp-content\/uploads\/2025\/10\/Signed-books-FR-preview-Dunwich-2-1024x768.jpg 1024w, https:\/\/francois-baranger.com\/wp-content\/uploads\/2025\/10\/Signed-books-FR-preview-Dunwich-2-768x576.jpg 768w, https:\/\/francois-baranger.com\/wp-content\/uploads\/2025\/10\/Signed-books-FR-preview-Dunwich-2-1536x1152.jpg 1536w, https:\/\/francois-baranger.com\/wp-content\/uploads\/2025\/10\/Signed-books-FR-preview-Dunwich-2-16x12.jpg 16w, https:\/\/francois-baranger.com\/wp-content\/uploads\/2025\/10\/Signed-books-FR-preview-Dunwich-2-190x143.jpg 190w, https:\/\/francois-baranger.com\/wp-content\/uploads\/2025\/10\/Signed-books-FR-preview-Dunwich-2-600x450.jpg 600w, https:\/\/francois-baranger.com\/wp-content\/uploads\/2025\/10\/Signed-books-FR-preview-Dunwich-2.jpg 1920w\" sizes=\"(max-width: 300px) 100vw, 300px\" \/><\/a><\/figure>\n\n\n\n<figure class=\"wp-block-image size-medium\"><a href=\"https:\/\/shop.francois-baranger.com\/wp-content\/uploads\/2025\/10\/Signed-books-FR-preview-Dunwich-3-1.jpg\" data-rel=\"lightbox-gallery-XMIV0pTw\" data-rl_title=\"\" data-rl_caption=\"\" title=\"\"><img decoding=\"async\" width=\"300\" height=\"225\" data-id=\"1184\" src=\"https:\/\/shop.francois-baranger.com\/wp-content\/uploads\/2025\/10\/Signed-books-FR-preview-Dunwich-3-1-300x225.jpg\" alt=\"\" class=\"wp-image-1184\" srcset=\"https:\/\/francois-baranger.com\/wp-content\/uploads\/2025\/10\/Signed-books-FR-preview-Dunwich-3-1-300x225.jpg 300w, https:\/\/francois-baranger.com\/wp-content\/uploads\/2025\/10\/Signed-books-FR-preview-Dunwich-3-1-1024x768.jpg 1024w, https:\/\/francois-baranger.com\/wp-content\/uploads\/2025\/10\/Signed-books-FR-preview-Dunwich-3-1-768x576.jpg 768w, https:\/\/francois-baranger.com\/wp-content\/uploads\/2025\/10\/Signed-books-FR-preview-Dunwich-3-1-1536x1152.jpg 1536w, https:\/\/francois-baranger.com\/wp-content\/uploads\/2025\/10\/Signed-books-FR-preview-Dunwich-3-1-16x12.jpg 16w, https:\/\/francois-baranger.com\/wp-content\/uploads\/2025\/10\/Signed-books-FR-preview-Dunwich-3-1-190x143.jpg 190w, https:\/\/francois-baranger.com\/wp-content\/uploads\/2025\/10\/Signed-books-FR-preview-Dunwich-3-1-600x450.jpg 600w, https:\/\/francois-baranger.com\/wp-content\/uploads\/2025\/10\/Signed-books-FR-preview-Dunwich-3-1.jpg 1920w\" sizes=\"(max-width: 300px) 100vw, 300px\" \/><\/a><\/figure>\n\n\n\n<figure class=\"wp-block-image size-medium\"><a href=\"https:\/\/shop.francois-baranger.com\/wp-content\/uploads\/2025\/10\/Signed-books-FR-preview-Dunwich-4.jpg\" data-rel=\"lightbox-gallery-XMIV0pTw\" data-rl_title=\"\" data-rl_caption=\"\" title=\"\"><img decoding=\"async\" width=\"300\" height=\"225\" data-id=\"1185\" src=\"https:\/\/shop.francois-baranger.com\/wp-content\/uploads\/2025\/10\/Signed-books-FR-preview-Dunwich-4-300x225.jpg\" alt=\"\" class=\"wp-image-1185\" srcset=\"https:\/\/francois-baranger.com\/wp-content\/uploads\/2025\/10\/Signed-books-FR-preview-Dunwich-4-300x225.jpg 300w, https:\/\/francois-baranger.com\/wp-content\/uploads\/2025\/10\/Signed-books-FR-preview-Dunwich-4-1024x768.jpg 1024w, https:\/\/francois-baranger.com\/wp-content\/uploads\/2025\/10\/Signed-books-FR-preview-Dunwich-4-768x576.jpg 768w, https:\/\/francois-baranger.com\/wp-content\/uploads\/2025\/10\/Signed-books-FR-preview-Dunwich-4-1536x1152.jpg 1536w, https:\/\/francois-baranger.com\/wp-content\/uploads\/2025\/10\/Signed-books-FR-preview-Dunwich-4-16x12.jpg 16w, https:\/\/francois-baranger.com\/wp-content\/uploads\/2025\/10\/Signed-books-FR-preview-Dunwich-4-190x143.jpg 190w, https:\/\/francois-baranger.com\/wp-content\/uploads\/2025\/10\/Signed-books-FR-preview-Dunwich-4-600x450.jpg 600w, https:\/\/francois-baranger.com\/wp-content\/uploads\/2025\/10\/Signed-books-FR-preview-Dunwich-4.jpg 1920w\" sizes=\"(max-width: 300px) 100vw, 300px\" \/><\/a><\/figure>\n\n\n\n<figure class=\"wp-block-image size-medium\"><a href=\"https:\/\/shop.francois-baranger.com\/wp-content\/uploads\/2025\/10\/Signed-books-FR-preview-Dunwich-5.jpg\" data-rel=\"lightbox-gallery-XMIV0pTw\" data-rl_title=\"\" data-rl_caption=\"\" title=\"\"><img decoding=\"async\" width=\"300\" height=\"225\" data-id=\"1186\" src=\"https:\/\/shop.francois-baranger.com\/wp-content\/uploads\/2025\/10\/Signed-books-FR-preview-Dunwich-5-300x225.jpg\" alt=\"\" class=\"wp-image-1186\" srcset=\"https:\/\/francois-baranger.com\/wp-content\/uploads\/2025\/10\/Signed-books-FR-preview-Dunwich-5-300x225.jpg 300w, https:\/\/francois-baranger.com\/wp-content\/uploads\/2025\/10\/Signed-books-FR-preview-Dunwich-5-1024x768.jpg 1024w, https:\/\/francois-baranger.com\/wp-content\/uploads\/2025\/10\/Signed-books-FR-preview-Dunwich-5-768x576.jpg 768w, https:\/\/francois-baranger.com\/wp-content\/uploads\/2025\/10\/Signed-books-FR-preview-Dunwich-5-1536x1152.jpg 1536w, https:\/\/francois-baranger.com\/wp-content\/uploads\/2025\/10\/Signed-books-FR-preview-Dunwich-5-16x12.jpg 16w, https:\/\/francois-baranger.com\/wp-content\/uploads\/2025\/10\/Signed-books-FR-preview-Dunwich-5-190x143.jpg 190w, https:\/\/francois-baranger.com\/wp-content\/uploads\/2025\/10\/Signed-books-FR-preview-Dunwich-5-600x450.jpg 600w, https:\/\/francois-baranger.com\/wp-content\/uploads\/2025\/10\/Signed-books-FR-preview-Dunwich-5.jpg 1920w\" sizes=\"(max-width: 300px) 100vw, 300px\" \/><\/a><\/figure>\n<\/figure>\n\n\n\n<p style=\"margin-top:8px;margin-bottom:8px;font-style:italic;font-weight:300;line-height:1.2\">(For delivery times or any other questions, please consult the <a href=\"https:\/\/shop.francois-baranger.com\/faq\/\"><strong>FAQ <\/strong><\/a>or <strong><a href=\"https:\/\/shop.francois-baranger.com\/contact\/\">contact us<\/a><\/strong>.)<\/p>\n\n\n\n<hr class=\"wp-block-separator has-alpha-channel-opacity is-style-default\" style=\"margin-top:var(--wp--preset--spacing--30);margin-bottom:var(--wp--preset--spacing--30)\"\/>\n\n\n\n<h2 class=\"wp-block-heading\"><mark style=\"background-color:#c5d5d3\" class=\"has-inline-color\">Personalisation of the book by Fran\u00e7ois Baranger<\/mark><\/h2>\n\n\n\n<p style=\"margin-top:8px;margin-bottom:8px;font-style:normal;font-weight:500;text-decoration:underline\">The artist will add his personal stamp and write a personalised dedication:<\/p>\n\n\n\n<p style=\"margin-top:0px;margin-bottom:0px;line-height:1.2\">\u2013 Enter a first name, a name or a nickname in the box below (<strong>mandatory<\/strong>).<br>\u2013 If you would also like a specific phrase, you can write it here (French or English only).<\/p>","protected":false},"excerpt":{"rendered":"<p>(Version ANGLAISE de &#8220;L&#8217;abomination de Dunwich&#8221;) 64 pages &#8211; 27 x 35,6 cm Dans une ferme isol\u00e9e de la r\u00e9gion de Dunwich, village recul\u00e9 du Massachusetts, Lavinia Whateley, albinos simple d&#8217;esprit, met au monde un enfant dont le p\u00e8re est inconnu. Le vieux Whateley, le p\u00e8re de Lavinia, sur lequel courent des rumeurs de sorcellerie, [&hellip;]<\/p>\n","protected":false},"featured_media":344,"template":"","meta":[],"product_brand":[],"product_cat":[18],"product_tag":[70],"class_list":{"0":"post-1558","1":"product","2":"type-product","3":"status-publish","4":"has-post-thumbnail","6":"product_cat-artbooks-signes","7":"product_tag-anglais","8":"wcpa_has_options","10":"first","11":"instock","12":"sold-individually","13":"taxable","14":"shipping-taxable","15":"purchasable","16":"product-type-variable","17":"has-default-attributes"},"_links":{"self":[{"href":"https:\/\/francois-baranger.com\/en\/wp-json\/wp\/v2\/product\/1558","targetHints":{"allow":["GET"]}}],"collection":[{"href":"https:\/\/francois-baranger.com\/en\/wp-json\/wp\/v2\/product"}],"about":[{"href":"https:\/\/francois-baranger.com\/en\/wp-json\/wp\/v2\/types\/product"}],"wp:featuredmedia":[{"embeddable":true,"href":"https:\/\/francois-baranger.com\/en\/wp-json\/wp\/v2\/media\/344"}],"wp:attachment":[{"href":"https:\/\/francois-baranger.com\/en\/wp-json\/wp\/v2\/media?parent=1558"}],"wp:term":[{"taxonomy":"product_brand","embeddable":true,"href":"https:\/\/francois-baranger.com\/en\/wp-json\/wp\/v2\/product_brand?post=1558"},{"taxonomy":"product_cat","embeddable":true,"href":"https:\/\/francois-baranger.com\/en\/wp-json\/wp\/v2\/product_cat?post=1558"},{"taxonomy":"product_tag","embeddable":true,"href":"https:\/\/francois-baranger.com\/en\/wp-json\/wp\/v2\/product_tag?post=1558"}],"curies":[{"name":"wp","href":"https:\/\/api.w.org\/{rel}","templated":true}]}}