{"id":1604,"date":"2025-11-12T09:48:14","date_gmt":"2025-11-12T08:48:14","guid":{"rendered":"https:\/\/shop.francois-baranger.com\/?post_type=product&#038;p=1604"},"modified":"2025-11-17T13:00:49","modified_gmt":"2025-11-17T12:00:49","slug":"ars-obscura-3","status":"publish","type":"product","link":"https:\/\/francois-baranger.com\/en\/product\/ars-obscura-3\/","title":{"rendered":"Ars Obscura 3, Sorcerer Emperor"},"content":{"rendered":"<p class=\"livres-langue\" style=\"border-style:none;border-width:0px;font-size:clamp(15.197px, 0.95rem + ((1vw - 3.2px) * 0.887), 23px);font-style:normal;font-weight:400;line-height:1\">(FRENCH version. This novel has not yet been translated into any languages other than French.)<\/p>\n\n\n\n<p class=\"livres-caracteristiques\" style=\"font-style:italic;font-weight:500\">624 pages &#8211; 14 x 20,5 cm<\/p>\n\n\n\n<p>1815.<br>The Battle of Waterloo did not end the war. The sorcerer \u00c9l\u00e9gast attempts to establish his authority at the head of the Empire, but his opponents are multiplying: the Bonapartists are stirring, resistance is organising, and the coalition forces are gradually encircling France. Worse still, the Russian sorcerer is growing in power, and \u00c9l\u00e9gast dreads their next confrontation. But this mysterious entity seems to be pursuing its own goals, relentlessly expanding its influence in the upper echelons of the Russian Empire...<br>The only limit to the power of the practitioners of the Dark Arts is their dwindling reserves of crystals. Embarking for Egypt, Ludwig, \u00c9thelinde and Mathurin are determined to prevent them from getting their hands on the deposit guarded by the British. But \u00c9l\u00e9gast is still searching for them, and the trail leads him straight to an Order of scholars whose knowledge could turn everything upside down.<br>An ancient brotherhood of mages, spies in the pay of foreign powers, esoteric creatures, conspirators working to bring down the Empire, a Russian sect of worshippers of a bloodthirsty god... Each plays their part in this epic tale, some to prevent the world from sinking into darkness, others to plunge it there.<\/p>\n\n\n\n<figure class=\"wp-block-gallery has-nested-images columns-4 is-cropped wp-block-gallery-1 is-layout-flex wp-block-gallery-is-layout-flex\" style=\"border-style:none;border-width:0px;border-radius:0px;margin-top:var(--wp--preset--spacing--20);margin-right:0;margin-bottom:var(--wp--preset--spacing--20);margin-left:0;padding-top:0;padding-right:0;padding-bottom:0;padding-left:0\">\n<figure class=\"wp-block-image size-large\"><a href=\"https:\/\/shop.francois-baranger.com\/wp-content\/uploads\/2025\/11\/Signed-books-FR-preview-AO3-1.jpg\" data-rel=\"lightbox-gallery-uy9u3ehM\" data-rl_title=\"\" data-rl_caption=\"\" title=\"\"><img decoding=\"async\" width=\"1024\" height=\"768\" data-id=\"1598\" src=\"https:\/\/shop.francois-baranger.com\/wp-content\/uploads\/2025\/11\/Signed-books-FR-preview-AO3-1-1024x768.jpg\" alt=\"\" class=\"wp-image-1598\" srcset=\"https:\/\/francois-baranger.com\/wp-content\/uploads\/2025\/11\/Signed-books-FR-preview-AO3-1-1024x768.jpg 1024w, https:\/\/francois-baranger.com\/wp-content\/uploads\/2025\/11\/Signed-books-FR-preview-AO3-1-300x225.jpg 300w, https:\/\/francois-baranger.com\/wp-content\/uploads\/2025\/11\/Signed-books-FR-preview-AO3-1-768x576.jpg 768w, https:\/\/francois-baranger.com\/wp-content\/uploads\/2025\/11\/Signed-books-FR-preview-AO3-1-1536x1152.jpg 1536w, https:\/\/francois-baranger.com\/wp-content\/uploads\/2025\/11\/Signed-books-FR-preview-AO3-1-16x12.jpg 16w, https:\/\/francois-baranger.com\/wp-content\/uploads\/2025\/11\/Signed-books-FR-preview-AO3-1-190x143.jpg 190w, https:\/\/francois-baranger.com\/wp-content\/uploads\/2025\/11\/Signed-books-FR-preview-AO3-1-600x450.jpg 600w, https:\/\/francois-baranger.com\/wp-content\/uploads\/2025\/11\/Signed-books-FR-preview-AO3-1.jpg 1920w\" sizes=\"(max-width: 1024px) 100vw, 1024px\" \/><\/a><\/figure>\n\n\n\n<figure class=\"wp-block-image size-large\"><a href=\"https:\/\/shop.francois-baranger.com\/wp-content\/uploads\/2025\/11\/Signed-books-FR-preview-AO3-2.jpg\" data-rel=\"lightbox-gallery-uy9u3ehM\" data-rl_title=\"\" data-rl_caption=\"\" title=\"\"><img decoding=\"async\" width=\"1024\" height=\"768\" data-id=\"1599\" src=\"https:\/\/shop.francois-baranger.com\/wp-content\/uploads\/2025\/11\/Signed-books-FR-preview-AO3-2-1024x768.jpg\" alt=\"\" class=\"wp-image-1599\" srcset=\"https:\/\/francois-baranger.com\/wp-content\/uploads\/2025\/11\/Signed-books-FR-preview-AO3-2-1024x768.jpg 1024w, https:\/\/francois-baranger.com\/wp-content\/uploads\/2025\/11\/Signed-books-FR-preview-AO3-2-300x225.jpg 300w, https:\/\/francois-baranger.com\/wp-content\/uploads\/2025\/11\/Signed-books-FR-preview-AO3-2-768x576.jpg 768w, https:\/\/francois-baranger.com\/wp-content\/uploads\/2025\/11\/Signed-books-FR-preview-AO3-2-1536x1152.jpg 1536w, https:\/\/francois-baranger.com\/wp-content\/uploads\/2025\/11\/Signed-books-FR-preview-AO3-2-16x12.jpg 16w, https:\/\/francois-baranger.com\/wp-content\/uploads\/2025\/11\/Signed-books-FR-preview-AO3-2-190x143.jpg 190w, https:\/\/francois-baranger.com\/wp-content\/uploads\/2025\/11\/Signed-books-FR-preview-AO3-2-600x450.jpg 600w, https:\/\/francois-baranger.com\/wp-content\/uploads\/2025\/11\/Signed-books-FR-preview-AO3-2.jpg 1920w\" sizes=\"(max-width: 1024px) 100vw, 1024px\" \/><\/a><\/figure>\n\n\n\n<figure class=\"wp-block-image size-large\"><a href=\"https:\/\/shop.francois-baranger.com\/wp-content\/uploads\/2025\/11\/Signed-books-FR-preview-AO3-3.jpg\" data-rel=\"lightbox-gallery-uy9u3ehM\" data-rl_title=\"\" data-rl_caption=\"\" title=\"\"><img decoding=\"async\" width=\"1024\" height=\"768\" data-id=\"1600\" src=\"https:\/\/shop.francois-baranger.com\/wp-content\/uploads\/2025\/11\/Signed-books-FR-preview-AO3-3-1024x768.jpg\" alt=\"\" class=\"wp-image-1600\" srcset=\"https:\/\/francois-baranger.com\/wp-content\/uploads\/2025\/11\/Signed-books-FR-preview-AO3-3-1024x768.jpg 1024w, https:\/\/francois-baranger.com\/wp-content\/uploads\/2025\/11\/Signed-books-FR-preview-AO3-3-300x225.jpg 300w, https:\/\/francois-baranger.com\/wp-content\/uploads\/2025\/11\/Signed-books-FR-preview-AO3-3-768x576.jpg 768w, https:\/\/francois-baranger.com\/wp-content\/uploads\/2025\/11\/Signed-books-FR-preview-AO3-3-1536x1152.jpg 1536w, https:\/\/francois-baranger.com\/wp-content\/uploads\/2025\/11\/Signed-books-FR-preview-AO3-3-16x12.jpg 16w, https:\/\/francois-baranger.com\/wp-content\/uploads\/2025\/11\/Signed-books-FR-preview-AO3-3-190x143.jpg 190w, https:\/\/francois-baranger.com\/wp-content\/uploads\/2025\/11\/Signed-books-FR-preview-AO3-3-600x450.jpg 600w, https:\/\/francois-baranger.com\/wp-content\/uploads\/2025\/11\/Signed-books-FR-preview-AO3-3.jpg 1920w\" sizes=\"(max-width: 1024px) 100vw, 1024px\" \/><\/a><\/figure>\n\n\n\n<figure class=\"wp-block-image size-large\"><a href=\"https:\/\/shop.francois-baranger.com\/wp-content\/uploads\/2025\/11\/Signed-books-FR-preview-AO3-4.jpg\" data-rel=\"lightbox-gallery-uy9u3ehM\" data-rl_title=\"\" data-rl_caption=\"\" title=\"\"><img decoding=\"async\" width=\"1024\" height=\"768\" data-id=\"1601\" src=\"https:\/\/shop.francois-baranger.com\/wp-content\/uploads\/2025\/11\/Signed-books-FR-preview-AO3-4-1024x768.jpg\" alt=\"\" class=\"wp-image-1601\" srcset=\"https:\/\/francois-baranger.com\/wp-content\/uploads\/2025\/11\/Signed-books-FR-preview-AO3-4-1024x768.jpg 1024w, https:\/\/francois-baranger.com\/wp-content\/uploads\/2025\/11\/Signed-books-FR-preview-AO3-4-300x225.jpg 300w, https:\/\/francois-baranger.com\/wp-content\/uploads\/2025\/11\/Signed-books-FR-preview-AO3-4-768x576.jpg 768w, https:\/\/francois-baranger.com\/wp-content\/uploads\/2025\/11\/Signed-books-FR-preview-AO3-4-1536x1152.jpg 1536w, https:\/\/francois-baranger.com\/wp-content\/uploads\/2025\/11\/Signed-books-FR-preview-AO3-4-16x12.jpg 16w, https:\/\/francois-baranger.com\/wp-content\/uploads\/2025\/11\/Signed-books-FR-preview-AO3-4-190x143.jpg 190w, https:\/\/francois-baranger.com\/wp-content\/uploads\/2025\/11\/Signed-books-FR-preview-AO3-4-600x450.jpg 600w, https:\/\/francois-baranger.com\/wp-content\/uploads\/2025\/11\/Signed-books-FR-preview-AO3-4.jpg 1920w\" sizes=\"(max-width: 1024px) 100vw, 1024px\" \/><\/a><\/figure>\n<\/figure>\n\n\n\n<p style=\"margin-top:8px;margin-bottom:8px;font-style:italic;font-weight:300;line-height:1.2\">(For delivery times or any other questions, please consult the <a href=\"https:\/\/shop.francois-baranger.com\/faq\/\"><strong>FAQ <\/strong><\/a>or <strong><a href=\"https:\/\/shop.francois-baranger.com\/contact\/\">contact us<\/a><\/strong>.)<\/p>\n\n\n\n<hr class=\"wp-block-separator has-alpha-channel-opacity is-style-default\" style=\"margin-top:var(--wp--preset--spacing--30);margin-bottom:var(--wp--preset--spacing--30)\"\/>\n\n\n\n<h2 class=\"wp-block-heading\" style=\"margin-top:8px;margin-bottom:8px;line-height:1.2\">The book will be signed and dedicated by Fran\u00e7ois Baranger.<\/h2>\n\n\n\n<figure class=\"wp-block-gallery has-nested-images columns-5 is-cropped wp-block-gallery-2 is-layout-flex wp-block-gallery-is-layout-flex\" style=\"border-style:none;border-width:0px;padding-top:0;padding-bottom:0\">\n<figure class=\"wp-block-image size-medium\"><a href=\"https:\/\/shop.francois-baranger.com\/wp-content\/uploads\/2025\/11\/Signed-books-AO-Dedication-example-1.jpg\" data-rel=\"lightbox-gallery-uy9u3ehM\" data-rl_title=\"\" data-rl_caption=\"\" title=\"\"><img decoding=\"async\" width=\"300\" height=\"225\" data-id=\"1593\" src=\"https:\/\/shop.francois-baranger.com\/wp-content\/uploads\/2025\/11\/Signed-books-AO-Dedication-example-1-300x225.jpg\" alt=\"\" class=\"wp-image-1593\" srcset=\"https:\/\/francois-baranger.com\/wp-content\/uploads\/2025\/11\/Signed-books-AO-Dedication-example-1-300x225.jpg 300w, https:\/\/francois-baranger.com\/wp-content\/uploads\/2025\/11\/Signed-books-AO-Dedication-example-1-1024x768.jpg 1024w, https:\/\/francois-baranger.com\/wp-content\/uploads\/2025\/11\/Signed-books-AO-Dedication-example-1-768x576.jpg 768w, https:\/\/francois-baranger.com\/wp-content\/uploads\/2025\/11\/Signed-books-AO-Dedication-example-1-1536x1152.jpg 1536w, https:\/\/francois-baranger.com\/wp-content\/uploads\/2025\/11\/Signed-books-AO-Dedication-example-1-16x12.jpg 16w, https:\/\/francois-baranger.com\/wp-content\/uploads\/2025\/11\/Signed-books-AO-Dedication-example-1-190x143.jpg 190w, https:\/\/francois-baranger.com\/wp-content\/uploads\/2025\/11\/Signed-books-AO-Dedication-example-1-600x450.jpg 600w, https:\/\/francois-baranger.com\/wp-content\/uploads\/2025\/11\/Signed-books-AO-Dedication-example-1.jpg 1920w\" sizes=\"(max-width: 300px) 100vw, 300px\" \/><\/a><figcaption class=\"wp-element-caption\"><strong><mark style=\"background-color:rgba(0, 0, 0, 0);color:#ffffff\" class=\"has-inline-color\">Example images<\/mark><\/strong><\/figcaption><\/figure>\n\n\n\n<figure class=\"wp-block-image size-medium\"><a href=\"https:\/\/shop.francois-baranger.com\/wp-content\/uploads\/2025\/11\/Signed-books-AO-Dedication-example-2.jpg\" data-rel=\"lightbox-gallery-uy9u3ehM\" data-rl_title=\"\" data-rl_caption=\"\" title=\"\"><img decoding=\"async\" width=\"300\" height=\"225\" data-id=\"1594\" src=\"https:\/\/shop.francois-baranger.com\/wp-content\/uploads\/2025\/11\/Signed-books-AO-Dedication-example-2-300x225.jpg\" alt=\"\" class=\"wp-image-1594\" srcset=\"https:\/\/francois-baranger.com\/wp-content\/uploads\/2025\/11\/Signed-books-AO-Dedication-example-2-300x225.jpg 300w, https:\/\/francois-baranger.com\/wp-content\/uploads\/2025\/11\/Signed-books-AO-Dedication-example-2-1024x768.jpg 1024w, https:\/\/francois-baranger.com\/wp-content\/uploads\/2025\/11\/Signed-books-AO-Dedication-example-2-768x576.jpg 768w, https:\/\/francois-baranger.com\/wp-content\/uploads\/2025\/11\/Signed-books-AO-Dedication-example-2-1536x1152.jpg 1536w, https:\/\/francois-baranger.com\/wp-content\/uploads\/2025\/11\/Signed-books-AO-Dedication-example-2-16x12.jpg 16w, https:\/\/francois-baranger.com\/wp-content\/uploads\/2025\/11\/Signed-books-AO-Dedication-example-2-190x143.jpg 190w, https:\/\/francois-baranger.com\/wp-content\/uploads\/2025\/11\/Signed-books-AO-Dedication-example-2-600x450.jpg 600w, https:\/\/francois-baranger.com\/wp-content\/uploads\/2025\/11\/Signed-books-AO-Dedication-example-2.jpg 1920w\" sizes=\"(max-width: 300px) 100vw, 300px\" \/><\/a><\/figure>\n\n\n\n<figure class=\"wp-block-image size-medium\"><a href=\"https:\/\/shop.francois-baranger.com\/wp-content\/uploads\/2025\/11\/Signed-books-AO-Dedication-example-3.jpg\" data-rel=\"lightbox-gallery-uy9u3ehM\" data-rl_title=\"\" data-rl_caption=\"\" title=\"\"><img decoding=\"async\" width=\"300\" height=\"225\" data-id=\"1595\" src=\"https:\/\/shop.francois-baranger.com\/wp-content\/uploads\/2025\/11\/Signed-books-AO-Dedication-example-3-300x225.jpg\" alt=\"\" class=\"wp-image-1595\" srcset=\"https:\/\/francois-baranger.com\/wp-content\/uploads\/2025\/11\/Signed-books-AO-Dedication-example-3-300x225.jpg 300w, https:\/\/francois-baranger.com\/wp-content\/uploads\/2025\/11\/Signed-books-AO-Dedication-example-3-1024x768.jpg 1024w, https:\/\/francois-baranger.com\/wp-content\/uploads\/2025\/11\/Signed-books-AO-Dedication-example-3-768x576.jpg 768w, https:\/\/francois-baranger.com\/wp-content\/uploads\/2025\/11\/Signed-books-AO-Dedication-example-3-1536x1152.jpg 1536w, https:\/\/francois-baranger.com\/wp-content\/uploads\/2025\/11\/Signed-books-AO-Dedication-example-3-16x12.jpg 16w, https:\/\/francois-baranger.com\/wp-content\/uploads\/2025\/11\/Signed-books-AO-Dedication-example-3-190x143.jpg 190w, https:\/\/francois-baranger.com\/wp-content\/uploads\/2025\/11\/Signed-books-AO-Dedication-example-3-600x450.jpg 600w, https:\/\/francois-baranger.com\/wp-content\/uploads\/2025\/11\/Signed-books-AO-Dedication-example-3.jpg 1920w\" sizes=\"(max-width: 300px) 100vw, 300px\" \/><\/a><\/figure>\n\n\n\n<figure class=\"wp-block-image size-medium\"><a href=\"https:\/\/shop.francois-baranger.com\/wp-content\/uploads\/2025\/11\/Signed-books-AO-Dedication-example-4.jpg\" data-rel=\"lightbox-gallery-uy9u3ehM\" data-rl_title=\"\" data-rl_caption=\"\" title=\"\"><img decoding=\"async\" width=\"300\" height=\"225\" data-id=\"1596\" src=\"https:\/\/shop.francois-baranger.com\/wp-content\/uploads\/2025\/11\/Signed-books-AO-Dedication-example-4-300x225.jpg\" alt=\"\" class=\"wp-image-1596\" srcset=\"https:\/\/francois-baranger.com\/wp-content\/uploads\/2025\/11\/Signed-books-AO-Dedication-example-4-300x225.jpg 300w, https:\/\/francois-baranger.com\/wp-content\/uploads\/2025\/11\/Signed-books-AO-Dedication-example-4-1024x768.jpg 1024w, https:\/\/francois-baranger.com\/wp-content\/uploads\/2025\/11\/Signed-books-AO-Dedication-example-4-768x576.jpg 768w, https:\/\/francois-baranger.com\/wp-content\/uploads\/2025\/11\/Signed-books-AO-Dedication-example-4-1536x1152.jpg 1536w, https:\/\/francois-baranger.com\/wp-content\/uploads\/2025\/11\/Signed-books-AO-Dedication-example-4-16x12.jpg 16w, https:\/\/francois-baranger.com\/wp-content\/uploads\/2025\/11\/Signed-books-AO-Dedication-example-4-190x143.jpg 190w, https:\/\/francois-baranger.com\/wp-content\/uploads\/2025\/11\/Signed-books-AO-Dedication-example-4-600x450.jpg 600w, https:\/\/francois-baranger.com\/wp-content\/uploads\/2025\/11\/Signed-books-AO-Dedication-example-4.jpg 1920w\" sizes=\"(max-width: 300px) 100vw, 300px\" \/><\/a><\/figure>\n\n\n\n<figure class=\"wp-block-image size-medium\"><a href=\"https:\/\/shop.francois-baranger.com\/wp-content\/uploads\/2025\/10\/signed-books-dedication-example-5.jpg\" data-rel=\"lightbox-gallery-uy9u3ehM\" data-rl_title=\"\" data-rl_caption=\"\" title=\"\"><img decoding=\"async\" width=\"300\" height=\"225\" data-id=\"1131\" src=\"https:\/\/shop.francois-baranger.com\/wp-content\/uploads\/2025\/10\/signed-books-dedication-example-5-300x225.jpg\" alt=\"\" class=\"wp-image-1131\" srcset=\"https:\/\/francois-baranger.com\/wp-content\/uploads\/2025\/10\/signed-books-dedication-example-5-300x225.jpg 300w, https:\/\/francois-baranger.com\/wp-content\/uploads\/2025\/10\/signed-books-dedication-example-5-1024x768.jpg 1024w, https:\/\/francois-baranger.com\/wp-content\/uploads\/2025\/10\/signed-books-dedication-example-5-768x576.jpg 768w, https:\/\/francois-baranger.com\/wp-content\/uploads\/2025\/10\/signed-books-dedication-example-5-1536x1152.jpg 1536w, https:\/\/francois-baranger.com\/wp-content\/uploads\/2025\/10\/signed-books-dedication-example-5-16x12.jpg 16w, https:\/\/francois-baranger.com\/wp-content\/uploads\/2025\/10\/signed-books-dedication-example-5-190x143.jpg 190w, https:\/\/francois-baranger.com\/wp-content\/uploads\/2025\/10\/signed-books-dedication-example-5-600x450.jpg 600w, https:\/\/francois-baranger.com\/wp-content\/uploads\/2025\/10\/signed-books-dedication-example-5.jpg 1920w\" sizes=\"(max-width: 300px) 100vw, 300px\" \/><\/a><figcaption class=\"wp-element-caption\"><mark style=\"background-color:rgba(0, 0, 0, 0);color:#ffffff\" class=\"has-inline-color\"><mark style=\"background-color:rgba(0, 0, 0, 0);color:#ffffff\" class=\"has-inline-color\"><strong>The stamp<\/strong><\/mark><\/mark><\/figcaption><\/figure>\n<\/figure>\n\n\n\n<p style=\"margin-top:8px;margin-bottom:8px;font-style:normal;font-weight:500;text-decoration:underline\">The artist will add his personal stamp and write a personalised dedication:<\/p>\n\n\n\n<p style=\"margin-top:0px;margin-bottom:0px;line-height:1.2\">\u2013 Enter a first name, a name or a nickname in the box below (<strong>mandatory<\/strong>).<br>\u2013 If you would also like a specific phrase, you can write it here (French or English only).<\/p>\n\n\n\n<ul style=\"margin-top:12px;margin-bottom:0px;line-height:1.1\" class=\"wp-block-list\">\n<li class=\"has-accent-2-color has-text-color\" style=\"margin-top:0;margin-bottom:0\">Price of book with dedication, signature and stamp: <strong><mark style=\"background-color:rgba(0, 0, 0, 0)\" class=\"has-inline-color has-custom-couleur-prix-color\">33 \u20ac<\/mark><\/strong><\/li>\n<\/ul>","protected":false},"excerpt":{"rendered":"<p>(Version FRAN\u00c7AISE) 624 pages &#8211; 14 x 20,5 cm 1815.La bataille de Waterloo n\u2019a pas mis fin \u00e0 la guerre. Le sorcier \u00c9l\u00e9gast tente d\u2019asseoir son autorit\u00e9 \u00e0 la t\u00eate de l\u2019Empire, mais ses adversaires se multiplient&nbsp;: les bonapartistes s\u2019agitent, une r\u00e9sistance s\u2019organise, et les coalis\u00e9s encerclent la France peu \u00e0 peu. Pire encore, le [&hellip;]<\/p>\n","protected":false},"featured_media":361,"template":"","meta":[],"product_brand":[],"product_cat":[72],"product_tag":[],"class_list":{"0":"post-1604","1":"product","2":"type-product","3":"status-publish","4":"has-post-thumbnail","6":"product_cat-romans-signes","7":"wcpa_has_options","9":"first","10":"instock","11":"sold-individually","12":"taxable","13":"shipping-taxable","14":"purchasable","15":"product-type-variable","16":"has-default-attributes"},"_links":{"self":[{"href":"https:\/\/francois-baranger.com\/en\/wp-json\/wp\/v2\/product\/1604","targetHints":{"allow":["GET"]}}],"collection":[{"href":"https:\/\/francois-baranger.com\/en\/wp-json\/wp\/v2\/product"}],"about":[{"href":"https:\/\/francois-baranger.com\/en\/wp-json\/wp\/v2\/types\/product"}],"wp:featuredmedia":[{"embeddable":true,"href":"https:\/\/francois-baranger.com\/en\/wp-json\/wp\/v2\/media\/361"}],"wp:attachment":[{"href":"https:\/\/francois-baranger.com\/en\/wp-json\/wp\/v2\/media?parent=1604"}],"wp:term":[{"taxonomy":"product_brand","embeddable":true,"href":"https:\/\/francois-baranger.com\/en\/wp-json\/wp\/v2\/product_brand?post=1604"},{"taxonomy":"product_cat","embeddable":true,"href":"https:\/\/francois-baranger.com\/en\/wp-json\/wp\/v2\/product_cat?post=1604"},{"taxonomy":"product_tag","embeddable":true,"href":"https:\/\/francois-baranger.com\/en\/wp-json\/wp\/v2\/product_tag?post=1604"}],"curies":[{"name":"wp","href":"https:\/\/api.w.org\/{rel}","templated":true}]}}