{"id":1610,"date":"2025-11-12T10:16:18","date_gmt":"2025-11-12T09:16:18","guid":{"rendered":"https:\/\/shop.francois-baranger.com\/?post_type=product&#038;p=1610"},"modified":"2025-11-17T12:33:09","modified_gmt":"2025-11-17T11:33:09","slug":"ars-obscura-4","status":"publish","type":"product","link":"https:\/\/francois-baranger.com\/en\/product\/ars-obscura-4\/","title":{"rendered":"Ars Obscura 4, Blood Sorcerer"},"content":{"rendered":"<p class=\"livres-langue\" style=\"border-style:none;border-width:0px;font-size:clamp(15.197px, 0.95rem + ((1vw - 3.2px) * 0.887), 23px);font-style:normal;font-weight:400;line-height:1\">(FRENCH version. This novel has not yet been translated into any languages other than French.)<\/p>\n\n\n\n<p class=\"livres-caracteristiques\" style=\"font-style:italic;font-weight:500\">624 pages &#8211; 14 x 20,5 cm<\/p>\n\n\n\n<p>1816.<br>Defeated by Ludwig, \u00c9l\u00e9gast, the Sorcerer Emperor, is on the run. To prevent the collapse of the Empire, Ir\u00e9nion Br\u00e9gante has seized power and restored the Consulate. But the Russian threat has suddenly intensified since their terrifying sorcerer, Vakt, supplanted the Tsar. Ir\u00e9nion must rebuild the Grand Army at all costs to prevent the Russians and the infamous Red Faction from destroying the French troops.<br>Ethelinde, meanwhile, is trying to find a way to close the permanent black bubbles. In addition, her suspicions about Lithian become so serious that she provokes a confrontation in order to make the magess confess the heavy secret she seems to have been hiding from them for a long time.<br>Meanwhile, Ludwig, who has become increasingly withdrawn, finally finds a reason to live when he realises that he has a chance to reopen one of the ancient portals that once led to the Otherworld. His only dream is to rejoin Queen Mab.<br>The threat that Vakt, Lord of the Chasm, now poses to humanity becomes so great that yesterday's enemies will have to join forces and even seek help from unusual fighters... Everyone fears that the consequences of the ultimate conflagration that looms ahead will mean nothing less than the end of humanity...<\/p>\n\n\n\n<figure class=\"wp-block-gallery has-nested-images columns-4 is-cropped wp-block-gallery-1 is-layout-flex wp-block-gallery-is-layout-flex\" style=\"border-style:none;border-width:0px;border-radius:0px;margin-top:var(--wp--preset--spacing--20);margin-right:0;margin-bottom:var(--wp--preset--spacing--20);margin-left:0;padding-top:0;padding-right:0;padding-bottom:0;padding-left:0\">\n<figure class=\"wp-block-image size-large\"><a href=\"https:\/\/shop.francois-baranger.com\/wp-content\/uploads\/2025\/11\/Signed-books-FR-preview-AO4-1.jpg\" data-rel=\"lightbox-gallery-qOKXsKDo\" data-rl_title=\"\" data-rl_caption=\"\" title=\"\"><img decoding=\"async\" width=\"1024\" height=\"768\" data-id=\"1602\" src=\"https:\/\/shop.francois-baranger.com\/wp-content\/uploads\/2025\/11\/Signed-books-FR-preview-AO4-1-1024x768.jpg\" alt=\"\" class=\"wp-image-1602\" srcset=\"https:\/\/francois-baranger.com\/wp-content\/uploads\/2025\/11\/Signed-books-FR-preview-AO4-1-1024x768.jpg 1024w, https:\/\/francois-baranger.com\/wp-content\/uploads\/2025\/11\/Signed-books-FR-preview-AO4-1-300x225.jpg 300w, https:\/\/francois-baranger.com\/wp-content\/uploads\/2025\/11\/Signed-books-FR-preview-AO4-1-768x576.jpg 768w, https:\/\/francois-baranger.com\/wp-content\/uploads\/2025\/11\/Signed-books-FR-preview-AO4-1-1536x1152.jpg 1536w, https:\/\/francois-baranger.com\/wp-content\/uploads\/2025\/11\/Signed-books-FR-preview-AO4-1-16x12.jpg 16w, https:\/\/francois-baranger.com\/wp-content\/uploads\/2025\/11\/Signed-books-FR-preview-AO4-1-190x143.jpg 190w, https:\/\/francois-baranger.com\/wp-content\/uploads\/2025\/11\/Signed-books-FR-preview-AO4-1-600x450.jpg 600w, https:\/\/francois-baranger.com\/wp-content\/uploads\/2025\/11\/Signed-books-FR-preview-AO4-1.jpg 1920w\" sizes=\"(max-width: 1024px) 100vw, 1024px\" \/><\/a><\/figure>\n\n\n\n<figure class=\"wp-block-image size-large\"><a href=\"https:\/\/shop.francois-baranger.com\/wp-content\/uploads\/2025\/11\/Signed-books-FR-preview-AO4-2.jpg\" data-rel=\"lightbox-gallery-qOKXsKDo\" data-rl_title=\"\" data-rl_caption=\"\" title=\"\"><img decoding=\"async\" width=\"1024\" height=\"768\" data-id=\"1603\" src=\"https:\/\/shop.francois-baranger.com\/wp-content\/uploads\/2025\/11\/Signed-books-FR-preview-AO4-2-1024x768.jpg\" alt=\"\" class=\"wp-image-1603\" srcset=\"https:\/\/francois-baranger.com\/wp-content\/uploads\/2025\/11\/Signed-books-FR-preview-AO4-2-1024x768.jpg 1024w, https:\/\/francois-baranger.com\/wp-content\/uploads\/2025\/11\/Signed-books-FR-preview-AO4-2-300x225.jpg 300w, https:\/\/francois-baranger.com\/wp-content\/uploads\/2025\/11\/Signed-books-FR-preview-AO4-2-768x576.jpg 768w, https:\/\/francois-baranger.com\/wp-content\/uploads\/2025\/11\/Signed-books-FR-preview-AO4-2-1536x1152.jpg 1536w, https:\/\/francois-baranger.com\/wp-content\/uploads\/2025\/11\/Signed-books-FR-preview-AO4-2-16x12.jpg 16w, https:\/\/francois-baranger.com\/wp-content\/uploads\/2025\/11\/Signed-books-FR-preview-AO4-2-190x143.jpg 190w, https:\/\/francois-baranger.com\/wp-content\/uploads\/2025\/11\/Signed-books-FR-preview-AO4-2-600x450.jpg 600w, https:\/\/francois-baranger.com\/wp-content\/uploads\/2025\/11\/Signed-books-FR-preview-AO4-2.jpg 1920w\" sizes=\"(max-width: 1024px) 100vw, 1024px\" \/><\/a><\/figure>\n\n\n\n<figure class=\"wp-block-image size-large\"><a href=\"https:\/\/shop.francois-baranger.com\/wp-content\/uploads\/2025\/11\/Signed-books-FR-preview-AO4-3.jpg\" data-rel=\"lightbox-gallery-qOKXsKDo\" data-rl_title=\"\" data-rl_caption=\"\" title=\"\"><img decoding=\"async\" width=\"1024\" height=\"768\" data-id=\"1605\" src=\"https:\/\/shop.francois-baranger.com\/wp-content\/uploads\/2025\/11\/Signed-books-FR-preview-AO4-3-1024x768.jpg\" alt=\"\" class=\"wp-image-1605\" srcset=\"https:\/\/francois-baranger.com\/wp-content\/uploads\/2025\/11\/Signed-books-FR-preview-AO4-3-1024x768.jpg 1024w, https:\/\/francois-baranger.com\/wp-content\/uploads\/2025\/11\/Signed-books-FR-preview-AO4-3-300x225.jpg 300w, https:\/\/francois-baranger.com\/wp-content\/uploads\/2025\/11\/Signed-books-FR-preview-AO4-3-768x576.jpg 768w, https:\/\/francois-baranger.com\/wp-content\/uploads\/2025\/11\/Signed-books-FR-preview-AO4-3-1536x1152.jpg 1536w, https:\/\/francois-baranger.com\/wp-content\/uploads\/2025\/11\/Signed-books-FR-preview-AO4-3-16x12.jpg 16w, https:\/\/francois-baranger.com\/wp-content\/uploads\/2025\/11\/Signed-books-FR-preview-AO4-3-190x143.jpg 190w, https:\/\/francois-baranger.com\/wp-content\/uploads\/2025\/11\/Signed-books-FR-preview-AO4-3-600x450.jpg 600w, https:\/\/francois-baranger.com\/wp-content\/uploads\/2025\/11\/Signed-books-FR-preview-AO4-3.jpg 1920w\" sizes=\"(max-width: 1024px) 100vw, 1024px\" \/><\/a><\/figure>\n\n\n\n<figure class=\"wp-block-image size-large\"><a href=\"https:\/\/shop.francois-baranger.com\/wp-content\/uploads\/2025\/11\/Signed-books-FR-preview-AO4-4.jpg\" data-rel=\"lightbox-gallery-qOKXsKDo\" data-rl_title=\"\" data-rl_caption=\"\" title=\"\"><img decoding=\"async\" width=\"1024\" height=\"768\" data-id=\"1606\" src=\"https:\/\/shop.francois-baranger.com\/wp-content\/uploads\/2025\/11\/Signed-books-FR-preview-AO4-4-1024x768.jpg\" alt=\"\" class=\"wp-image-1606\" srcset=\"https:\/\/francois-baranger.com\/wp-content\/uploads\/2025\/11\/Signed-books-FR-preview-AO4-4-1024x768.jpg 1024w, https:\/\/francois-baranger.com\/wp-content\/uploads\/2025\/11\/Signed-books-FR-preview-AO4-4-300x225.jpg 300w, https:\/\/francois-baranger.com\/wp-content\/uploads\/2025\/11\/Signed-books-FR-preview-AO4-4-768x576.jpg 768w, https:\/\/francois-baranger.com\/wp-content\/uploads\/2025\/11\/Signed-books-FR-preview-AO4-4-1536x1152.jpg 1536w, https:\/\/francois-baranger.com\/wp-content\/uploads\/2025\/11\/Signed-books-FR-preview-AO4-4-16x12.jpg 16w, https:\/\/francois-baranger.com\/wp-content\/uploads\/2025\/11\/Signed-books-FR-preview-AO4-4-190x143.jpg 190w, https:\/\/francois-baranger.com\/wp-content\/uploads\/2025\/11\/Signed-books-FR-preview-AO4-4-600x450.jpg 600w, https:\/\/francois-baranger.com\/wp-content\/uploads\/2025\/11\/Signed-books-FR-preview-AO4-4.jpg 1920w\" sizes=\"(max-width: 1024px) 100vw, 1024px\" \/><\/a><\/figure>\n<\/figure>\n\n\n\n<p style=\"margin-top:8px;margin-bottom:8px;font-style:italic;font-weight:300;line-height:1.2\">(For delivery times or any other questions, please consult the <a href=\"https:\/\/shop.francois-baranger.com\/faq\/\"><strong>FAQ <\/strong><\/a>or <strong><a href=\"https:\/\/shop.francois-baranger.com\/contact\/\">contact us<\/a><\/strong>.)<\/p>\n\n\n\n<hr class=\"wp-block-separator has-alpha-channel-opacity is-style-default\" style=\"margin-top:var(--wp--preset--spacing--30);margin-bottom:var(--wp--preset--spacing--30)\"\/>\n\n\n\n<h2 class=\"wp-block-heading\" style=\"margin-top:8px;margin-bottom:8px;line-height:1.2\">The book will be signed and dedicated by Fran\u00e7ois Baranger.<\/h2>\n\n\n\n<figure class=\"wp-block-gallery has-nested-images columns-5 is-cropped wp-block-gallery-2 is-layout-flex wp-block-gallery-is-layout-flex\" style=\"border-style:none;border-width:0px;padding-top:0;padding-bottom:0\">\n<figure class=\"wp-block-image size-medium\"><a href=\"https:\/\/shop.francois-baranger.com\/wp-content\/uploads\/2025\/11\/Signed-books-AO-Dedication-example-1.jpg\" data-rel=\"lightbox-gallery-qOKXsKDo\" data-rl_title=\"\" data-rl_caption=\"\" title=\"\"><img decoding=\"async\" width=\"300\" height=\"225\" data-id=\"1593\" src=\"https:\/\/shop.francois-baranger.com\/wp-content\/uploads\/2025\/11\/Signed-books-AO-Dedication-example-1-300x225.jpg\" alt=\"\" class=\"wp-image-1593\" srcset=\"https:\/\/francois-baranger.com\/wp-content\/uploads\/2025\/11\/Signed-books-AO-Dedication-example-1-300x225.jpg 300w, https:\/\/francois-baranger.com\/wp-content\/uploads\/2025\/11\/Signed-books-AO-Dedication-example-1-1024x768.jpg 1024w, https:\/\/francois-baranger.com\/wp-content\/uploads\/2025\/11\/Signed-books-AO-Dedication-example-1-768x576.jpg 768w, https:\/\/francois-baranger.com\/wp-content\/uploads\/2025\/11\/Signed-books-AO-Dedication-example-1-1536x1152.jpg 1536w, https:\/\/francois-baranger.com\/wp-content\/uploads\/2025\/11\/Signed-books-AO-Dedication-example-1-16x12.jpg 16w, https:\/\/francois-baranger.com\/wp-content\/uploads\/2025\/11\/Signed-books-AO-Dedication-example-1-190x143.jpg 190w, https:\/\/francois-baranger.com\/wp-content\/uploads\/2025\/11\/Signed-books-AO-Dedication-example-1-600x450.jpg 600w, https:\/\/francois-baranger.com\/wp-content\/uploads\/2025\/11\/Signed-books-AO-Dedication-example-1.jpg 1920w\" sizes=\"(max-width: 300px) 100vw, 300px\" \/><\/a><figcaption class=\"wp-element-caption\"><strong><mark style=\"background-color:rgba(0, 0, 0, 0);color:#ffffff\" class=\"has-inline-color\">Example images<\/mark><\/strong><\/figcaption><\/figure>\n\n\n\n<figure class=\"wp-block-image size-medium\"><a href=\"https:\/\/shop.francois-baranger.com\/wp-content\/uploads\/2025\/11\/Signed-books-AO-Dedication-example-2.jpg\" data-rel=\"lightbox-gallery-qOKXsKDo\" data-rl_title=\"\" data-rl_caption=\"\" title=\"\"><img decoding=\"async\" width=\"300\" height=\"225\" data-id=\"1594\" src=\"https:\/\/shop.francois-baranger.com\/wp-content\/uploads\/2025\/11\/Signed-books-AO-Dedication-example-2-300x225.jpg\" alt=\"\" class=\"wp-image-1594\" srcset=\"https:\/\/francois-baranger.com\/wp-content\/uploads\/2025\/11\/Signed-books-AO-Dedication-example-2-300x225.jpg 300w, https:\/\/francois-baranger.com\/wp-content\/uploads\/2025\/11\/Signed-books-AO-Dedication-example-2-1024x768.jpg 1024w, https:\/\/francois-baranger.com\/wp-content\/uploads\/2025\/11\/Signed-books-AO-Dedication-example-2-768x576.jpg 768w, https:\/\/francois-baranger.com\/wp-content\/uploads\/2025\/11\/Signed-books-AO-Dedication-example-2-1536x1152.jpg 1536w, https:\/\/francois-baranger.com\/wp-content\/uploads\/2025\/11\/Signed-books-AO-Dedication-example-2-16x12.jpg 16w, https:\/\/francois-baranger.com\/wp-content\/uploads\/2025\/11\/Signed-books-AO-Dedication-example-2-190x143.jpg 190w, https:\/\/francois-baranger.com\/wp-content\/uploads\/2025\/11\/Signed-books-AO-Dedication-example-2-600x450.jpg 600w, https:\/\/francois-baranger.com\/wp-content\/uploads\/2025\/11\/Signed-books-AO-Dedication-example-2.jpg 1920w\" sizes=\"(max-width: 300px) 100vw, 300px\" \/><\/a><\/figure>\n\n\n\n<figure class=\"wp-block-image size-medium\"><a href=\"https:\/\/shop.francois-baranger.com\/wp-content\/uploads\/2025\/11\/Signed-books-AO-Dedication-example-3.jpg\" data-rel=\"lightbox-gallery-qOKXsKDo\" data-rl_title=\"\" data-rl_caption=\"\" title=\"\"><img decoding=\"async\" width=\"300\" height=\"225\" data-id=\"1595\" src=\"https:\/\/shop.francois-baranger.com\/wp-content\/uploads\/2025\/11\/Signed-books-AO-Dedication-example-3-300x225.jpg\" alt=\"\" class=\"wp-image-1595\" srcset=\"https:\/\/francois-baranger.com\/wp-content\/uploads\/2025\/11\/Signed-books-AO-Dedication-example-3-300x225.jpg 300w, https:\/\/francois-baranger.com\/wp-content\/uploads\/2025\/11\/Signed-books-AO-Dedication-example-3-1024x768.jpg 1024w, https:\/\/francois-baranger.com\/wp-content\/uploads\/2025\/11\/Signed-books-AO-Dedication-example-3-768x576.jpg 768w, https:\/\/francois-baranger.com\/wp-content\/uploads\/2025\/11\/Signed-books-AO-Dedication-example-3-1536x1152.jpg 1536w, https:\/\/francois-baranger.com\/wp-content\/uploads\/2025\/11\/Signed-books-AO-Dedication-example-3-16x12.jpg 16w, https:\/\/francois-baranger.com\/wp-content\/uploads\/2025\/11\/Signed-books-AO-Dedication-example-3-190x143.jpg 190w, https:\/\/francois-baranger.com\/wp-content\/uploads\/2025\/11\/Signed-books-AO-Dedication-example-3-600x450.jpg 600w, https:\/\/francois-baranger.com\/wp-content\/uploads\/2025\/11\/Signed-books-AO-Dedication-example-3.jpg 1920w\" sizes=\"(max-width: 300px) 100vw, 300px\" \/><\/a><\/figure>\n\n\n\n<figure class=\"wp-block-image size-medium\"><a href=\"https:\/\/shop.francois-baranger.com\/wp-content\/uploads\/2025\/11\/Signed-books-AO-Dedication-example-4.jpg\" data-rel=\"lightbox-gallery-qOKXsKDo\" data-rl_title=\"\" data-rl_caption=\"\" title=\"\"><img decoding=\"async\" width=\"300\" height=\"225\" data-id=\"1596\" src=\"https:\/\/shop.francois-baranger.com\/wp-content\/uploads\/2025\/11\/Signed-books-AO-Dedication-example-4-300x225.jpg\" alt=\"\" class=\"wp-image-1596\" srcset=\"https:\/\/francois-baranger.com\/wp-content\/uploads\/2025\/11\/Signed-books-AO-Dedication-example-4-300x225.jpg 300w, https:\/\/francois-baranger.com\/wp-content\/uploads\/2025\/11\/Signed-books-AO-Dedication-example-4-1024x768.jpg 1024w, https:\/\/francois-baranger.com\/wp-content\/uploads\/2025\/11\/Signed-books-AO-Dedication-example-4-768x576.jpg 768w, https:\/\/francois-baranger.com\/wp-content\/uploads\/2025\/11\/Signed-books-AO-Dedication-example-4-1536x1152.jpg 1536w, https:\/\/francois-baranger.com\/wp-content\/uploads\/2025\/11\/Signed-books-AO-Dedication-example-4-16x12.jpg 16w, https:\/\/francois-baranger.com\/wp-content\/uploads\/2025\/11\/Signed-books-AO-Dedication-example-4-190x143.jpg 190w, https:\/\/francois-baranger.com\/wp-content\/uploads\/2025\/11\/Signed-books-AO-Dedication-example-4-600x450.jpg 600w, https:\/\/francois-baranger.com\/wp-content\/uploads\/2025\/11\/Signed-books-AO-Dedication-example-4.jpg 1920w\" sizes=\"(max-width: 300px) 100vw, 300px\" \/><\/a><\/figure>\n\n\n\n<figure class=\"wp-block-image size-medium\"><a href=\"https:\/\/shop.francois-baranger.com\/wp-content\/uploads\/2025\/10\/signed-books-dedication-example-5.jpg\" data-rel=\"lightbox-gallery-qOKXsKDo\" data-rl_title=\"\" data-rl_caption=\"\" title=\"\"><img decoding=\"async\" width=\"300\" height=\"225\" data-id=\"1131\" src=\"https:\/\/shop.francois-baranger.com\/wp-content\/uploads\/2025\/10\/signed-books-dedication-example-5-300x225.jpg\" alt=\"\" class=\"wp-image-1131\" srcset=\"https:\/\/francois-baranger.com\/wp-content\/uploads\/2025\/10\/signed-books-dedication-example-5-300x225.jpg 300w, https:\/\/francois-baranger.com\/wp-content\/uploads\/2025\/10\/signed-books-dedication-example-5-1024x768.jpg 1024w, https:\/\/francois-baranger.com\/wp-content\/uploads\/2025\/10\/signed-books-dedication-example-5-768x576.jpg 768w, https:\/\/francois-baranger.com\/wp-content\/uploads\/2025\/10\/signed-books-dedication-example-5-1536x1152.jpg 1536w, https:\/\/francois-baranger.com\/wp-content\/uploads\/2025\/10\/signed-books-dedication-example-5-16x12.jpg 16w, https:\/\/francois-baranger.com\/wp-content\/uploads\/2025\/10\/signed-books-dedication-example-5-190x143.jpg 190w, https:\/\/francois-baranger.com\/wp-content\/uploads\/2025\/10\/signed-books-dedication-example-5-600x450.jpg 600w, https:\/\/francois-baranger.com\/wp-content\/uploads\/2025\/10\/signed-books-dedication-example-5.jpg 1920w\" sizes=\"(max-width: 300px) 100vw, 300px\" \/><\/a><figcaption class=\"wp-element-caption\"><mark style=\"background-color:rgba(0, 0, 0, 0);color:#ffffff\" class=\"has-inline-color\"><mark style=\"background-color:rgba(0, 0, 0, 0);color:#ffffff\" class=\"has-inline-color\"><strong>The stamp<\/strong><\/mark><\/mark><\/figcaption><\/figure>\n<\/figure>\n\n\n\n<p style=\"margin-top:8px;margin-bottom:8px;font-style:normal;font-weight:500;text-decoration:underline\">The artist will add his personal stamp and write a personalised dedication:<\/p>\n\n\n\n<p style=\"margin-top:0px;margin-bottom:0px;line-height:1.2\">\u2013 Enter a first name, a name or a nickname in the box below (<strong>mandatory<\/strong>).<br>\u2013 If you would also like a specific phrase, you can write it here (French or English only).<\/p>\n\n\n\n<ul style=\"margin-top:12px;margin-bottom:0px;line-height:1.1\" class=\"wp-block-list\">\n<li class=\"has-accent-2-color has-text-color\" style=\"margin-top:0;margin-bottom:0\">Price of book with dedication, signature and stamp: <strong><mark style=\"background-color:rgba(0, 0, 0, 0)\" class=\"has-inline-color has-custom-couleur-prix-color\">33 \u20ac<\/mark><\/strong><\/li>\n<\/ul>","protected":false},"excerpt":{"rendered":"<p>(Version FRAN\u00c7AISE) 624 pages &#8211; 14 x 20,5 cm 1816.Vaincu par Ludwig, \u00c9l\u00e9gast, le Sorcier Empereur, est en fuite. Afin d\u2019\u00e9viter l\u2019effondrement de l\u2019Empire, Ir\u00e9nion Br\u00e9gante a pris le pouvoir et r\u00e9tabli le Consulat. Mais la menace russe s\u2019est brusquement accentu\u00e9e depuis que leur terrifiant sorcier, Vakt, a supplant\u00e9 le tsar. Ir\u00e9nion doit \u00e0 tout [&hellip;]<\/p>\n","protected":false},"featured_media":362,"template":"","meta":[],"product_brand":[],"product_cat":[72],"product_tag":[],"class_list":{"0":"post-1610","1":"product","2":"type-product","3":"status-publish","4":"has-post-thumbnail","6":"product_cat-romans-signes","7":"wcpa_has_options","9":"first","10":"instock","11":"sold-individually","12":"taxable","13":"shipping-taxable","14":"purchasable","15":"product-type-variable","16":"has-default-attributes"},"_links":{"self":[{"href":"https:\/\/francois-baranger.com\/en\/wp-json\/wp\/v2\/product\/1610","targetHints":{"allow":["GET"]}}],"collection":[{"href":"https:\/\/francois-baranger.com\/en\/wp-json\/wp\/v2\/product"}],"about":[{"href":"https:\/\/francois-baranger.com\/en\/wp-json\/wp\/v2\/types\/product"}],"wp:featuredmedia":[{"embeddable":true,"href":"https:\/\/francois-baranger.com\/en\/wp-json\/wp\/v2\/media\/362"}],"wp:attachment":[{"href":"https:\/\/francois-baranger.com\/en\/wp-json\/wp\/v2\/media?parent=1610"}],"wp:term":[{"taxonomy":"product_brand","embeddable":true,"href":"https:\/\/francois-baranger.com\/en\/wp-json\/wp\/v2\/product_brand?post=1610"},{"taxonomy":"product_cat","embeddable":true,"href":"https:\/\/francois-baranger.com\/en\/wp-json\/wp\/v2\/product_cat?post=1610"},{"taxonomy":"product_tag","embeddable":true,"href":"https:\/\/francois-baranger.com\/en\/wp-json\/wp\/v2\/product_tag?post=1610"}],"curies":[{"name":"wp","href":"https:\/\/api.w.org\/{rel}","templated":true}]}}