{"id":1964,"date":"2026-01-21T14:33:01","date_gmt":"2026-01-21T13:33:01","guid":{"rendered":"https:\/\/francois-baranger.com\/?post_type=product&#038;p=1964"},"modified":"2026-02-17T15:22:48","modified_gmt":"2026-02-17T14:22:48","slug":"envoi-artbooks","status":"publish","type":"product","link":"https:\/\/francois-baranger.com\/en\/product\/envoi-artbooks\/","title":{"rendered":"Signed Artbooks"},"content":{"rendered":"<p class=\"has-text-align-center has-accent-3-background-color has-background\" style=\"border-style:none;border-width:0px;padding-top:4px;padding-right:4px;padding-bottom:4px;padding-left:4px;font-style:normal;font-weight:400\"><mark style=\"background-color:#c5d5d3\" class=\"has-inline-color has-contrast-color\">If <span style=\"text-decoration: underline;\">you already own the book<\/span> in wich you would like to have a drawn dedication, you can send it to us.<\/mark><\/p>\n\n\n\n<div style=\"margin-top:var(--wp--preset--spacing--20);margin-bottom:var(--wp--preset--spacing--20);height:5px\" aria-hidden=\"true\" class=\"wp-block-spacer\"><\/div>\n\n\n\n<div class=\"wp-block-group has-border-color has-accent-4-border-color has-global-padding is-layout-constrained wp-container-core-group-is-layout-299a9126 wp-block-group-is-layout-constrained\" style=\"border-width:2px;margin-top:0;margin-bottom:0;padding-top:var(--wp--preset--spacing--30);padding-right:var(--wp--preset--spacing--30);padding-bottom:var(--wp--preset--spacing--30);padding-left:var(--wp--preset--spacing--30)\">\n<p class=\"has-text-align-center\" style=\"text-decoration:underline\">This service is only available for drawn dedication orders.<\/p>\n\n\n\n<p class=\"has-text-align-center\" style=\"margin-top:0;margin-bottom:0\">It is not possible to send us a book for a simple signature.<\/p>\n\n\n\n<p class=\"has-text-align-center\">Once you have chosen your drawn dedication below and your payment has been confirmed, simply send us the book to a Package Delivery Outlet (such as <em>Mondial Relay<\/em>, or similar) or by post or carrier to one of <a href=\"https:\/\/francois-baranger.com\/en\/faq\/#envoyer-un-livre\">these addresses<\/a>.<br>Pack your book carefully (we recommend removing the soft cover and protecting it with bubble wrap): we cannot be held responsible for any damage to the book.<\/p>\n\n\n\n<p class=\"has-text-align-center\">If you wish, you can send us <strong>several books <\/strong>at the same time, but you must add the desired dedications to your cart one by one.<\/p>\n<\/div>\n\n\n\n<div style=\"margin-top:var(--wp--preset--spacing--20);margin-bottom:var(--wp--preset--spacing--20);height:5px\" aria-hidden=\"true\" class=\"wp-block-spacer\"><\/div>\n\n\n\n<p style=\"margin-top:8px;margin-bottom:8px;font-style:normal;font-weight:500;text-decoration:underline\">The artist will add his personal stamp and write a personalised dedication on your book.<\/p>\n\n\n\n<p style=\"margin-top:0px;margin-bottom:0px;line-height:1.2\">\u2013 Enter a first name, a name or a nickname in the box below (<strong>mandatory<\/strong>).<br>\u2013 If you would also like a specific phrase, you can write it here (French or English only).<br>\u2013 To avoid any mistakes, please indicate (in parentheses at the end) in which book the dedication should be drawn.<\/p>\n\n\n\n<p><\/p>","protected":false},"excerpt":{"rendered":"<p>Si vous poss\u00e9dez d\u00e9j\u00e0 le livre sur lequel vous souhaitez une d\u00e9dicace, vous pouvez nous l\u2019envoyer. Ce service n\u2019est disponible que pour une commande de d\u00e9dicace dessin\u00e9e. Il n\u2019est pas possible de nous envoyer un livre pour une signature simple. Une fois la d\u00e9dicace choisie ci-dessous et le paiement valid\u00e9, il vous suffira de nous [&hellip;]<\/p>\n","protected":false},"featured_media":2003,"template":"","meta":[],"product_brand":[],"product_cat":[],"product_tag":[],"class_list":{"0":"post-1964","1":"product","2":"type-product","3":"status-publish","4":"has-post-thumbnail","6":"wcpa_has_options","8":"first","9":"instock","10":"sold-individually","11":"taxable","12":"shipping-taxable","13":"purchasable","14":"product-type-variable","15":"has-default-attributes"},"_links":{"self":[{"href":"https:\/\/francois-baranger.com\/en\/wp-json\/wp\/v2\/product\/1964","targetHints":{"allow":["GET"]}}],"collection":[{"href":"https:\/\/francois-baranger.com\/en\/wp-json\/wp\/v2\/product"}],"about":[{"href":"https:\/\/francois-baranger.com\/en\/wp-json\/wp\/v2\/types\/product"}],"wp:featuredmedia":[{"embeddable":true,"href":"https:\/\/francois-baranger.com\/en\/wp-json\/wp\/v2\/media\/2003"}],"wp:attachment":[{"href":"https:\/\/francois-baranger.com\/en\/wp-json\/wp\/v2\/media?parent=1964"}],"wp:term":[{"taxonomy":"product_brand","embeddable":true,"href":"https:\/\/francois-baranger.com\/en\/wp-json\/wp\/v2\/product_brand?post=1964"},{"taxonomy":"product_cat","embeddable":true,"href":"https:\/\/francois-baranger.com\/en\/wp-json\/wp\/v2\/product_cat?post=1964"},{"taxonomy":"product_tag","embeddable":true,"href":"https:\/\/francois-baranger.com\/en\/wp-json\/wp\/v2\/product_tag?post=1964"}],"curies":[{"name":"wp","href":"https:\/\/api.w.org\/{rel}","templated":true}]}}